{"id":16882,"date":"2025-11-08T22:30:42","date_gmt":"2025-11-08T21:30:42","guid":{"rendered":"https:\/\/reaatest.ch\/startseite\/intranet\/hilfe\/"},"modified":"2025-11-15T10:37:26","modified_gmt":"2025-11-15T09:37:26","slug":"hilfe","status":"publish","type":"page","link":"https:\/\/reaatest.ch\/de\/startseite\/intranet\/hilfe\/","title":{"rendered":"Hilfe"},"content":{"rendered":"\t\t<div data-elementor-type=\"wp-page\" data-elementor-id=\"16882\" class=\"elementor elementor-16882 elementor-16871\" data-elementor-post-type=\"page\">\n\t\t\t\t<div class=\"elementor-element elementor-element-58d815b e-con-full e-flex e-con e-parent\" data-id=\"58d815b\" data-element_type=\"container\" data-e-type=\"container\">\n\t\t<div class=\"elementor-element elementor-element-381ccbd2 e-con-full e-flex e-con e-child\" data-id=\"381ccbd2\" data-element_type=\"container\" data-e-type=\"container\">\n\t\t<div class=\"elementor-element elementor-element-119c33a0 e-con-full e-flex e-con e-child\" data-id=\"119c33a0\" data-element_type=\"container\" data-e-type=\"container\">\n\t\t\t\t<div class=\"elementor-element elementor-element-6135adb0 elementor-widget elementor-widget-heading\" data-id=\"6135adb0\" data-element_type=\"widget\" data-e-type=\"widget\" data-widget_type=\"heading.default\">\n\t\t\t\t<div class=\"elementor-widget-container\">\n\t\t\t\t\t<h2 class=\"elementor-heading-title elementor-size-default\">Hilfe<\/h2>\t\t\t\t<\/div>\n\t\t\t\t<\/div>\n\t\t\t\t<\/div>\n\t\t\t\t<div class=\"elementor-element elementor-element-5c514b65 elementor-widget elementor-widget-spacer\" data-id=\"5c514b65\" data-element_type=\"widget\" data-e-type=\"widget\" data-widget_type=\"spacer.default\">\n\t\t\t\t<div class=\"elementor-widget-container\">\n\t\t\t\t\t\t\t<div class=\"elementor-spacer\">\n\t\t\t<div class=\"elementor-spacer-inner\"><\/div>\n\t\t<\/div>\n\t\t\t\t\t\t<\/div>\n\t\t\t\t<\/div>\n\t\t<div class=\"elementor-element elementor-element-7743593 e-grid e-con-full e-con e-child\" data-id=\"7743593\" data-element_type=\"container\" data-e-type=\"container\">\n\t\t\t\t<div class=\"elementor-element elementor-element-fc0f088 elementor-widget elementor-widget-text-editor\" data-id=\"fc0f088\" data-element_type=\"widget\" data-e-type=\"widget\" data-widget_type=\"text-editor.default\">\n\t\t\t\t<div class=\"elementor-widget-container\">\n\t\t\t\t\t\t\t\t\t<h4 style=\"text-align: center;\">Meine erste Verbindung<\/h4><p>Der Oberste Rat des AASR der Schweiz freut sich, Sie im Intranet begr\u00fc\u00dfen zu d\u00fcrfen.<\/p><p>Wenn Sie sich zum ersten Mal anmelden, starten Sie bitte das Verfahren <a href=\"https:\/\/reaatest.ch\/wp-login.php?action=lostpassword\" target=\"_blank\" rel=\"noopener\">&#8220;Passwort vergessen<\/a>&#8221; (&#8220;mot de passe oubli\u00e9&#8221;) mit der E-Mail-Adresse, die Sie dem Sekret\u00e4r Ihres Atelier mitgeteilt haben.<\/p><ul><li>Wenn Sie sich nicht mehr an Ihre E-Mail-Adresse erinnern k\u00f6nnen, haben Sie keine andere Wahl, als sie bei Ihrem Sekret\u00e4r anzufordern.<\/li><\/ul><p> <\/p><p>Wenn Sie Probleme haben, z\u00f6gern Sie nicht, \u00fcber das <a href=\"https:\/\/reaatest.ch\/de\/startseite\/kontaktformular\/\" target=\"_blank\" rel=\"noopener\">Kontaktformular<\/a> um Hilfe zu bitten. Einer unserer Webmaster wird Ihnen antworten. <\/p><p>Sehr gute Verbindung!<\/p>\t\t\t\t\t\t\t\t<\/div>\n\t\t\t\t<\/div>\n\t\t\t\t<div class=\"elementor-element elementor-element-9551ee3 elementor-widget elementor-widget-text-editor\" data-id=\"9551ee3\" data-element_type=\"widget\" data-e-type=\"widget\" data-widget_type=\"text-editor.default\">\n\t\t\t\t<div class=\"elementor-widget-container\">\n\t\t\t\t\t\t\t\t\t<h4 style=\"text-align: center;\">Passwort vergessen &#8220;Mot de passe oubli\u00e9&#8221;<\/h4><p>Wenn Sie Ihr Passwort vergessen haben, gehen Sie wie folgt vor.<\/p><ol><li>Halten Sie Ihre E-Mail-Adresse bereit, die Sie Ihrem Werkstattsekret\u00e4r gegeben haben.<br><strong>Wenn Sie sich nicht mehr an Ihre E-Mail-Adresse erinnern k\u00f6nnen<\/strong>, fragen Sie bitte Ihren Sekret\u00e4r oder die Administratoren der Website \u00fcber das <a href=\"https:\/\/reaatest.ch\/de\/startseite\/kontaktformular\/\" target=\"_blank\" rel=\"noopener\">Kontaktformular<\/a> danach.<\/li><li>Klicken Sie auf \u201ePasswort vergessen\u201c (&#8220;mot de passe oubli\u00e9&#8221;)<\/li><li>Das System fragt Sie nach Ihrer E-Mail-Adresse.<\/li><li>Klicken Sie auf die Schaltfl\u00e4che [Passwort generieren].<br>Das System fordert Sie auf, Ihren E-Mail-Posteingang zu \u00fcberpr\u00fcfen.<br>Wenn Sie nichts in Ihrem E-Mail-Postfach erhalten, ist die Adresse m\u00f6glicherweise nicht die auf der Website registrierte. Dann m\u00fcssen Sie sie bei Ihrer Werkstattsekret\u00e4rin oder den Website-Administratoren \u00fcber das <a href=\"https:\/\/reaatest.ch\/de\/startseite\/kontaktformular\/\" target=\"_blank\" rel=\"noopener\">Kontaktformular<\/a> anfordern. <\/li><li>In Ihrer E-Mail befindet sich ein Link, mit dem Sie ein Passwort erstellen k\u00f6nnen.<br>Dieses Passwort wird in einem neuen Fenster Ihres Browsers angezeigt. Es ist sehr komplex und schwer zu erkennen.<br>Die L\u00f6sung ist, es zu l\u00f6schen und Ihr eigenes Passwort einzuf\u00fcgen, wobei Sie Folgendes beachten sollten:<br>&#8211; mindestens 12 Zeichen<br>&#8211; mindestens 1 Gro\u00dfbuchstabe<br>&#8211; mindestens 1 Sonderzeichen<br>&#8211; keine Zeichenwiederholung (&#8217;99&#8217; ist m\u00f6glich; &#8216;999&#8217; wird nicht akzeptiert). <\/li><li>Geben Sie Ihr Passwort ein. Achten Sie darauf, dass die Schaltfl\u00e4che [Passwort speichern] aktiviert ist. Dies ist ein Zeichen daf\u00fcr, dass Sie die Anweisungen zum Passwort eingehalten haben.<br>Hinweis: Klicken Sie auf das Auge, um Ihr Passwort anzuzeigen.  <\/li><li>Das System antwortet: &#8220;Ihr Passwort wurde zur\u00fcckgesetzt&#8221;, und Sie erhalten eine Benachrichtigung (E-Mail), dass der Vorgang abgeschlossen ist.<\/li><li>Bitte kehren Sie nun zur Website &gt; Intranet zur\u00fcck, um sich anzumelden.<\/li><\/ol><p> <\/p><p>Wenn dies nicht funktioniert, versuchen Sie es bitte erneut und befolgen Sie dabei genau die Schritte und Anweisungen.<\/p><p>Das System sperrt Ihr Konto nach einer bestimmten Anzahl von Anmeldeversuchen. Diese Anzahl geben wir nicht bekannt. Z\u00f6gern Sie also nicht, sich \u00fcber das <g id=\"gid_0\">Kontaktformular<\/g> an die Website-Administratoren zu wenden. Wir helfen Ihnen gerne weiter.   <\/p>\t\t\t\t\t\t\t\t<\/div>\n\t\t\t\t<\/div>\n\t\t\t\t<\/div>\n\t\t<div class=\"elementor-element elementor-element-7d374675 e-flex e-con-boxed e-con e-child\" data-id=\"7d374675\" data-element_type=\"container\" data-e-type=\"container\">\n\t\t\t\t\t<div class=\"e-con-inner\">\n\t\t\t\t<div class=\"elementor-element elementor-element-19b7ef5 elementor-widget elementor-widget-spacer\" data-id=\"19b7ef5\" data-element_type=\"widget\" data-e-type=\"widget\" data-widget_type=\"spacer.default\">\n\t\t\t\t<div class=\"elementor-widget-container\">\n\t\t\t\t\t\t\t<div class=\"elementor-spacer\">\n\t\t\t<div class=\"elementor-spacer-inner\"><\/div>\n\t\t<\/div>\n\t\t\t\t\t\t<\/div>\n\t\t\t\t<\/div>\n\t\t\t\t\t<\/div>\n\t\t\t\t<\/div>\n\t\t\t\t<\/div>\n\t\t\t\t<\/div>\n\t\t\t\t<\/div>\n\t\t","protected":false},"excerpt":{"rendered":"<p>Meine erste Verbindung Der Oberste Rat des AASR der Schweiz freut sich, Sie im Intranet begr\u00fc\u00dfen zu d\u00fcrfen. Wenn Sie sich zum ersten Mal anmelden, starten Sie bitte das Verfahren &#8220;Passwort vergessen&#8221; (&#8220;mot de passe oubli\u00e9&#8221;) mit der E-Mail-Adresse, die Sie dem Sekret\u00e4r Ihres Atelier mitgeteilt haben. Wenn Sie sich nicht mehr an Ihre E-Mail-Adresse [&hellip;]<\/p>\n","protected":false},"author":2337,"featured_media":0,"parent":4296,"menu_order":0,"comment_status":"closed","ping_status":"closed","template":"","meta":{"footnotes":""},"class_list":["post-16882","page","type-page","status-publish","hentry"],"_links":{"self":[{"href":"https:\/\/reaatest.ch\/de\/wp-json\/wp\/v2\/pages\/16882","targetHints":{"allow":["GET"]}}],"collection":[{"href":"https:\/\/reaatest.ch\/de\/wp-json\/wp\/v2\/pages"}],"about":[{"href":"https:\/\/reaatest.ch\/de\/wp-json\/wp\/v2\/types\/page"}],"author":[{"embeddable":true,"href":"https:\/\/reaatest.ch\/de\/wp-json\/wp\/v2\/users\/2337"}],"replies":[{"embeddable":true,"href":"https:\/\/reaatest.ch\/de\/wp-json\/wp\/v2\/comments?post=16882"}],"version-history":[{"count":5,"href":"https:\/\/reaatest.ch\/de\/wp-json\/wp\/v2\/pages\/16882\/revisions"}],"predecessor-version":[{"id":17236,"href":"https:\/\/reaatest.ch\/de\/wp-json\/wp\/v2\/pages\/16882\/revisions\/17236"}],"up":[{"embeddable":true,"href":"https:\/\/reaatest.ch\/de\/wp-json\/wp\/v2\/pages\/4296"}],"wp:attachment":[{"href":"https:\/\/reaatest.ch\/de\/wp-json\/wp\/v2\/media?parent=16882"}],"curies":[{"name":"wp","href":"https:\/\/api.w.org\/{rel}","templated":true}]}}