{"id":4331,"date":"2024-02-06T15:57:25","date_gmt":"2024-02-06T14:57:25","guid":{"rendered":"https:\/\/leprogres.gnsis.ch\/grundsaetze\/"},"modified":"2025-02-13T04:27:38","modified_gmt":"2025-02-13T03:27:38","slug":"grundsaetze","status":"publish","type":"page","link":"https:\/\/reaatest.ch\/de\/startseite\/grundsaetze\/","title":{"rendered":"Grunds\u00e4tze"},"content":{"rendered":"\t\t<div data-elementor-type=\"wp-page\" data-elementor-id=\"4331\" class=\"elementor elementor-4331 elementor-2370\" data-elementor-post-type=\"page\">\n\t\t\t\t<div class=\"elementor-element elementor-element-248be0e8 e-con-full e-flex e-con e-parent\" data-id=\"248be0e8\" data-element_type=\"container\" data-e-type=\"container\">\n\t\t\t\t<div class=\"elementor-element elementor-element-61509e84 elementor-widget elementor-widget-image\" data-id=\"61509e84\" data-element_type=\"widget\" data-e-type=\"widget\" data-widget_type=\"image.default\">\n\t\t\t\t<div class=\"elementor-widget-container\">\n\t\t\t\t\t\t\t\t\t\t\t\t\t\t\t<img decoding=\"async\" src=\"https:\/\/reaatest.ch\/wp-content\/uploads\/elementor\/thumbs\/close-up-young-businessman-walking-upstairs-outside-office-scaled-e1706703897820-r3dqycq0isj7ypcxyxz8e24rid8y8xg0l9sd8b9hhs.jpg\" title=\"Close up eines jungen Gesch\u00e4ftsmannes, der aufw\u00e4rts vor dem B\u00fcro geht.\" alt=\"Close up eines jungen Gesch\u00e4ftsmannes, der aufw\u00e4rts vor dem B\u00fcro geht.\" loading=\"lazy\" \/>\t\t\t\t\t\t\t\t\t\t\t\t\t\t\t<\/div>\n\t\t\t\t<\/div>\n\t\t\t\t<\/div>\n\t\t<div class=\"elementor-element elementor-element-57658ec8 e-flex e-con-boxed e-con e-parent\" data-id=\"57658ec8\" data-element_type=\"container\" data-e-type=\"container\">\n\t\t\t\t\t<div class=\"e-con-inner\">\n\t\t\t\t<div class=\"elementor-element elementor-element-7c446bea elementor-widget elementor-widget-spacer\" data-id=\"7c446bea\" data-element_type=\"widget\" data-e-type=\"widget\" data-widget_type=\"spacer.default\">\n\t\t\t\t<div class=\"elementor-widget-container\">\n\t\t\t\t\t\t\t<div class=\"elementor-spacer\">\n\t\t\t<div class=\"elementor-spacer-inner\"><\/div>\n\t\t<\/div>\n\t\t\t\t\t\t<\/div>\n\t\t\t\t<\/div>\n\t\t\t\t\t<\/div>\n\t\t\t\t<\/div>\n\t\t<div class=\"elementor-element elementor-element-2a88725b e-con-full e-flex e-con e-parent\" data-id=\"2a88725b\" data-element_type=\"container\" data-e-type=\"container\">\n\t\t\t\t<div class=\"elementor-element elementor-element-78ddab95 elementor-widget elementor-widget-heading\" data-id=\"78ddab95\" data-element_type=\"widget\" data-e-type=\"widget\" data-widget_type=\"heading.default\">\n\t\t\t\t<div class=\"elementor-widget-container\">\n\t\t\t\t\t<h2 class=\"elementor-heading-title elementor-size-default\">Grunds\u00e4tze des AASR<\/h2>\t\t\t\t<\/div>\n\t\t\t\t<\/div>\n\t\t\t\t<\/div>\n\t\t<div class=\"elementor-element elementor-element-468162e9 e-flex e-con-boxed e-con e-parent\" data-id=\"468162e9\" data-element_type=\"container\" data-e-type=\"container\">\n\t\t\t\t\t<div class=\"e-con-inner\">\n\t\t\t\t<div class=\"elementor-element elementor-element-1e055fbc elementor-widget elementor-widget-spacer\" data-id=\"1e055fbc\" data-element_type=\"widget\" data-e-type=\"widget\" data-widget_type=\"spacer.default\">\n\t\t\t\t<div class=\"elementor-widget-container\">\n\t\t\t\t\t\t\t<div class=\"elementor-spacer\">\n\t\t\t<div class=\"elementor-spacer-inner\"><\/div>\n\t\t<\/div>\n\t\t\t\t\t\t<\/div>\n\t\t\t\t<\/div>\n\t\t\t\t\t<\/div>\n\t\t\t\t<\/div>\n\t\t<div class=\"elementor-element elementor-element-3af0e789 e-con-full e-flex e-con e-parent\" data-id=\"3af0e789\" data-element_type=\"container\" data-e-type=\"container\">\n\t\t\t\t<div class=\"elementor-element elementor-element-6005bdb7 elementor-widget elementor-widget-text-editor\" data-id=\"6005bdb7\" data-element_type=\"widget\" data-e-type=\"widget\" data-widget_type=\"text-editor.default\">\n\t\t\t\t<div class=\"elementor-widget-container\">\n\t\t\t\t\t\t\t\t\t<p>Die Freimaurerei ist ein Tempel, der der Menschheit zur Verf\u00fcgung steht, um Pflichtbewusstsein, ehrliche Bestrebungen und edle Gesinnung zu kultivieren. Sie bef\u00fcrwortet die spirituelle Entwicklung und verk\u00fcndet ihren Glauben an die Zivilisation. Sie ist ein Denksystem, das die Freimaurerbr\u00fcder durch Symbole und Wissen dazu anh\u00e4lt, an ihrer eigenen Vervollkommnung zu arbeiten, um eine bessere Welt zu schaffen.<\/p><p>Der AASR arbeitet:<\/p><ul><li>zur Ehre des Grossen Architekten des Universums<\/li><li>in \u00dcbereinstimmung mit der freimaurerischen Tradition und<\/li><li>in \u00dcbereinstimmung mit der &#8220;Allgemeinen Erkl\u00e4rung der Menschenrechte&#8221;, die von der Generalversammlung der Vereinten Nationen am 10. Dezember 1948 angenommen wurde.<\/li><\/ul><div>\u00a0<\/div><div><span style=\"color: var( --e-global-color-text ); font-family: var( --e-global-typography-text-font-family ), Sans-serif; font-size: var( --e-global-typography-text-font-size ); font-weight: var( --e-global-typography-text-font-weight ); letter-spacing: var( --e-global-typography-text-letter-spacing ); word-spacing: var( --e-global-typography-text-word-spacing ); text-align: var(--text-align);\">Der AASR ist eine Schule des gegenseitigen Lernens, die sich auf die Praxis von Ritualen und den Austausch von Ideen st\u00fctzt. Jedes Mitglied arbeitet an seiner eigenen moralischen Vervollkommnung und bem\u00fcht sich, vorbildlich zu handeln.<\/span><\/div><p>Der pers\u00f6nliche Ansatz beruht auf:<\/p><ul><li>einer ehrenhaften, sinnvollen und von br\u00fcderlicher Liebe erf\u00fcllten Lebensf\u00fchrung in perfekter Harmonie mit seinen Mitmenschen;<\/li><li>der St\u00e4rkung der eigenen Weltanschauung und des Menschenbildes.<\/li><\/ul><div>\u00a0<\/div><div>\u00a0<\/div><p>Die Mitglieder des AASR verfolgen das folgende allgemeine Ziel:<\/p><ul><li>eine Welt zu schaffen, in der alle Menschen nach den Prinzipien der Freiheit, der Menschenw\u00fcrde und der gegenseitigen Toleranz leben.<\/li><\/ul><p>Der AASR mischt sich nicht in politische oder konfessionelle Kontroversen ein, sondern erwartet von seinen Mitgliedern, dass sie sich in allen Bereichen des \u00f6ffentlichen Lebens engagieren.<\/p>\t\t\t\t\t\t\t\t<\/div>\n\t\t\t\t<\/div>\n\t\t\t\t<\/div>\n\t\t<div class=\"elementor-element elementor-element-7a9cc43f e-flex e-con-boxed e-con e-parent\" data-id=\"7a9cc43f\" data-element_type=\"container\" data-e-type=\"container\">\n\t\t\t\t\t<div class=\"e-con-inner\">\n\t\t\t\t<div class=\"elementor-element elementor-element-55359c37 elementor-widget elementor-widget-spacer\" data-id=\"55359c37\" data-element_type=\"widget\" data-e-type=\"widget\" data-widget_type=\"spacer.default\">\n\t\t\t\t<div class=\"elementor-widget-container\">\n\t\t\t\t\t\t\t<div class=\"elementor-spacer\">\n\t\t\t<div class=\"elementor-spacer-inner\"><\/div>\n\t\t<\/div>\n\t\t\t\t\t\t<\/div>\n\t\t\t\t<\/div>\n\t\t\t\t\t<\/div>\n\t\t\t\t<\/div>\n\t\t<div class=\"elementor-element elementor-element-537f03db e-flex e-con-boxed e-con e-parent\" data-id=\"537f03db\" data-element_type=\"container\" data-e-type=\"container\">\n\t\t\t\t\t<div class=\"e-con-inner\">\n\t\t\t\t<div class=\"elementor-element elementor-element-46b0a928 elementor-button-info elementor-align-center elementor-widget elementor-widget-button\" data-id=\"46b0a928\" data-element_type=\"widget\" data-e-type=\"widget\" data-widget_type=\"button.default\">\n\t\t\t\t<div class=\"elementor-widget-container\">\n\t\t\t\t\t\t\t\t\t<div class=\"elementor-button-wrapper\">\n\t\t\t\t\t<a class=\"elementor-button elementor-button-link elementor-size-sm\" href=\"https:\/\/reaatest.ch\/de\/startseite\/der-alte-und-akzeptierte-schottische-ritus\/\">\n\t\t\t\t\t\t<span class=\"elementor-button-content-wrapper\">\n\t\t\t\t\t\t\t\t\t<span class=\"elementor-button-text\">Der AASR-Ritus<\/span>\n\t\t\t\t\t<\/span>\n\t\t\t\t\t<\/a>\n\t\t\t\t<\/div>\n\t\t\t\t\t\t\t\t<\/div>\n\t\t\t\t<\/div>\n\t\t\t\t\t<\/div>\n\t\t\t\t<\/div>\n\t\t<div class=\"elementor-element elementor-element-1c13ee0a e-flex e-con-boxed e-con e-parent\" data-id=\"1c13ee0a\" data-element_type=\"container\" data-e-type=\"container\">\n\t\t\t\t\t<div class=\"e-con-inner\">\n\t\t\t\t<div class=\"elementor-element elementor-element-2ff1ff86 elementor-widget elementor-widget-spacer\" data-id=\"2ff1ff86\" data-element_type=\"widget\" data-e-type=\"widget\" data-widget_type=\"spacer.default\">\n\t\t\t\t<div class=\"elementor-widget-container\">\n\t\t\t\t\t\t\t<div class=\"elementor-spacer\">\n\t\t\t<div class=\"elementor-spacer-inner\"><\/div>\n\t\t<\/div>\n\t\t\t\t\t\t<\/div>\n\t\t\t\t<\/div>\n\t\t\t\t\t<\/div>\n\t\t\t\t<\/div>\n\t\t\t\t<\/div>\n\t\t","protected":false},"excerpt":{"rendered":"<p>Grunds\u00e4tze des AASR Die Freimaurerei ist ein Tempel, der der Menschheit zur Verf\u00fcgung steht, um Pflichtbewusstsein, ehrliche Bestrebungen und edle Gesinnung zu kultivieren. Sie bef\u00fcrwortet die spirituelle Entwicklung und verk\u00fcndet ihren Glauben an die Zivilisation. Sie ist ein Denksystem, das die Freimaurerbr\u00fcder durch Symbole und Wissen dazu anh\u00e4lt, an ihrer eigenen Vervollkommnung zu arbeiten, um [&hellip;]<\/p>\n","protected":false},"author":2,"featured_media":0,"parent":4287,"menu_order":0,"comment_status":"closed","ping_status":"closed","template":"","meta":{"footnotes":""},"class_list":["post-4331","page","type-page","status-publish","hentry"],"_links":{"self":[{"href":"https:\/\/reaatest.ch\/de\/wp-json\/wp\/v2\/pages\/4331","targetHints":{"allow":["GET"]}}],"collection":[{"href":"https:\/\/reaatest.ch\/de\/wp-json\/wp\/v2\/pages"}],"about":[{"href":"https:\/\/reaatest.ch\/de\/wp-json\/wp\/v2\/types\/page"}],"author":[{"embeddable":true,"href":"https:\/\/reaatest.ch\/de\/wp-json\/wp\/v2\/users\/2"}],"replies":[{"embeddable":true,"href":"https:\/\/reaatest.ch\/de\/wp-json\/wp\/v2\/comments?post=4331"}],"version-history":[{"count":38,"href":"https:\/\/reaatest.ch\/de\/wp-json\/wp\/v2\/pages\/4331\/revisions"}],"predecessor-version":[{"id":11895,"href":"https:\/\/reaatest.ch\/de\/wp-json\/wp\/v2\/pages\/4331\/revisions\/11895"}],"up":[{"embeddable":true,"href":"https:\/\/reaatest.ch\/de\/wp-json\/wp\/v2\/pages\/4287"}],"wp:attachment":[{"href":"https:\/\/reaatest.ch\/de\/wp-json\/wp\/v2\/media?parent=4331"}],"curies":[{"name":"wp","href":"https:\/\/api.w.org\/{rel}","templated":true}]}}