{"id":4400,"date":"2024-01-30T15:02:31","date_gmt":"2024-01-30T14:02:31","guid":{"rendered":"https:\/\/leprogres.gnsis.ch\/datenschutzrichtlinie\/"},"modified":"2024-11-05T13:17:45","modified_gmt":"2024-11-05T12:17:45","slug":"datenschutzrichtlinie","status":"publish","type":"page","link":"https:\/\/reaatest.ch\/de\/startseite\/datenschutzrichtlinie\/","title":{"rendered":"Datenschutzrichtlinie"},"content":{"rendered":"\t\t<div data-elementor-type=\"wp-page\" data-elementor-id=\"4400\" class=\"elementor elementor-4400 elementor-790\" data-elementor-post-type=\"page\">\n\t\t\t\t<div class=\"elementor-element elementor-element-b8cd346 e-flex e-con-boxed e-con e-parent\" data-id=\"b8cd346\" data-element_type=\"container\" data-e-type=\"container\">\n\t\t\t\t\t<div class=\"e-con-inner\">\n\t\t\t\t<div class=\"elementor-element elementor-element-ae3561c elementor-widget elementor-widget-spacer\" data-id=\"ae3561c\" data-element_type=\"widget\" data-e-type=\"widget\" data-widget_type=\"spacer.default\">\n\t\t\t\t<div class=\"elementor-widget-container\">\n\t\t\t\t\t\t\t<div class=\"elementor-spacer\">\n\t\t\t<div class=\"elementor-spacer-inner\"><\/div>\n\t\t<\/div>\n\t\t\t\t\t\t<\/div>\n\t\t\t\t<\/div>\n\t\t\t\t<div class=\"elementor-element elementor-element-1f8674a elementor-widget__width-initial elementor-widget elementor-widget-text-editor\" data-id=\"1f8674a\" data-element_type=\"widget\" data-e-type=\"widget\" data-widget_type=\"text-editor.default\">\n\t\t\t\t<div class=\"elementor-widget-container\">\n\t\t\t\t\t\t\t\t\t<p>Fassung vom 05. November 2024.<\/p>\n\t\t\t\t\t\t\t\t<\/div>\n\t\t\t\t<\/div>\n\t\t\t\t<div class=\"elementor-element elementor-element-7469e4f elementor-widget__width-initial elementor-widget elementor-widget-text-editor\" data-id=\"7469e4f\" data-element_type=\"widget\" data-e-type=\"widget\" data-widget_type=\"text-editor.default\">\n\t\t\t\t<div class=\"elementor-widget-container\">\n\t\t\t\t\t\t\t\t\t<p>Die Organisation &#8221; <strong>Rite Ecossais Ancien et Accepted<\/strong> &#8221; (REAA) mit Sitz in der Rue du <strong>Petit-Beaulieu 1, CH-1004 Lausanne,<\/strong> informiert die Nutzer der REAA.ch Website durch diese Datenschutzerkl\u00e4rung \u00fcber die Datenverarbeitung, die sie als Datenverantwortlicher durchf\u00fchrt. Mit der Wirkung auf Schweizer Staatsgebiet entspricht die REAA dem Bundesgesetz \u00fcber den Datenschutz vom 25. September 2020.<\/p>\n<\/p>\n<h4>1. Geltungsbereich<\/h4>\n<p>Diese Datenschutzrichtlinie (im Folgenden &#8220;Richtlinie&#8221;) gilt unabh\u00e4ngig von den Mitteln oder dem Medium, das f\u00fcr den Zugriff auf unsere Website verwendet wird, und legt die Bedingungen fest, unter denen wir beim Surfen Informationen \u00fcber Sie sammeln, verwenden und speichern, sowie die Wahlm\u00f6glichkeiten, die Sie in Bezug auf die Erfassung, Verwendung und Offenlegung dieser Informationen haben. Dies gilt auch f\u00fcr alle Dienstleistungen, die wir im Rahmen unserer T\u00e4tigkeit erbringen. Indem Sie auf diese Website zugreifen oder einen Vertrag mit uns abschlie\u00dfen, best\u00e4tigen Sie, dass Sie die in dieser Richtlinie dargelegten Bedingungen gelesen und verstanden haben und damit einverstanden sind, diesen zu unterliegen.<\/p>\n<\/p>\n<h4>2. Definitionen<\/h4>\n<p><strong>Personenbezogene Daten<\/strong><strong>:<\/strong> alle Informationen, die sich auf eine identifizierte oder identifizierbare nat\u00fcrliche Person beziehen.<\/p>\n<p><strong>Verarbeitung:<\/strong> jeder Vorgang im Zusammenhang mit personenbezogenen Daten, unabh\u00e4ngig von den verwendeten Mitteln und Verfahren, insbesondere das Erheben, das Erfassen, die Speicherung, die Verwendung, die \u00c4nderung, die Mitteilung, die Archivierung, das L\u00f6schen oder die Vernichtung von Daten.<\/p>\n<p><strong>Verantwortlicher f\u00fcr die Datenverarbeitung:<\/strong> die Privatperson oder die Bundesbeh\u00f6rde, die allein oder gemeinsam mit anderen \u00fcber die Zwecke und Mittel der Verarbeitung personenbezogener Daten entscheidet.<\/p>\n<p><strong>Datenverarbeiter:<\/strong> die Privatperson oder Bundesbeh\u00f6rde, die personenbezogene Daten im Auftrag des f\u00fcr die Verarbeitung Verantwortlichen verarbeitet.<\/p>\n<p><strong>Verletzung der Datensicherheit:<\/strong> Jede Sicherheitsverletzung, die zum versehentlichen oder unrechtm\u00e4\u00dfigen Verlust, zur \u00c4nderung, L\u00f6schung oder Zerst\u00f6rung personenbezogener Daten, zur unbefugten Offenlegung von oder zum unbefugten Zugriff auf personenbezogene Daten f\u00fchrt.<\/p>\n<\/p>\n<h4>3. Wenn Sie auf unserer Website surfen<\/h4>\n<h5><strong>3.1 Erhobene Daten<\/strong><\/h5>\n<h6>3.1.1 Navigationsdaten<\/h6>\n<p>Wenn Sie auf unserer Website surfen, erfassen wir die folgenden Informationen \u00fcber Sie:<br \/>\u2013 Ihre IP-Adresse;<br \/>\u2013 Das Datum und die Uhrzeit Ihres Besuchs;<br \/>\u2013 Der verwendete Browser;<\/p>\n<\/p>\n<h6>3.1.2 Kontaktdaten<\/h6>\n<p>Dar\u00fcber hinaus erheben wir, wenn Sie eine Anfrage zur Kontaktaufnahme oder \u00dcbermittlung interner Publikationen stellen, mit Ihrer Zustimmung die folgenden Informationen:<br \/>\u2013 Ihren Vor- und Nachnamen;<br \/>\u2013 Ihre E-Mail-Adresse;<br \/>\u2013 Ihre Telefonnummer.<\/p>\n<\/p>\n<h6>3.1.3 Daten aus einem sozialen Netzwerk<\/h6>\n<p>Es werden keine Daten von einem sozialen Netzwerk erhoben.<\/p>\n<\/p>\n<h5><strong>3.2 Verwendungszwecke der Daten<\/strong><\/h5>\n<p>Als Verantwortlicher f\u00fcr die personenbezogenen Daten, die wir auf unserer Website erheben, beschreibt dieser Artikel die Zwecke, f\u00fcr die wir Ihre Daten verarbeiten. Nicht alle Zwecke der Datennutzung gelten f\u00fcr alle Nutzer.<\/p>\n<h6>3.2.1 Erbringung von Dienstleistungen<\/h6>\n<p>Wir verwenden Ihre Kontaktdaten, um Ihre Kontaktanfragen zu beantworten oder interne Publikationen zu \u00fcbermitteln.<\/p>\n<\/p>\n<h6>3.2.2 Verfolgung unserer berechtigten Interessen<\/h6>\n<p>Ihre Daten k\u00f6nnen auch verwendet werden, um unsere berechtigten Interessen zu verfolgen, einschlie\u00dflich der \u00dcberwachung der Nutzung unserer Website sowie der Untersuchung von Beschwerden, die wir von Ihnen oder Dritten erhalten.<\/p>\n<\/p>\n<h5>3.3 Cookies<\/h5>\n<p>Wenn Sie unsere Website besuchen, k\u00f6nnen Daten in Ihrem Browser gespeichert oder von diesem abgerufen werden, in der Regel in Form von Cookies. Diese Informationen k\u00f6nnen sich auf Sie, Ihre Pr\u00e4ferenzen oder Ihr Ger\u00e4t beziehen und werden haupts\u00e4chlich verwendet, um sicherzustellen, dass die Website ordnungsgem\u00e4\u00df funktioniert. Wir informieren Sie dar\u00fcber, dass beim Surfen auf unserer Website diese Arten von Cookies verwendet werden: <\/p>\n<\/p>\n<h6>3.3.1 Notwendige Cookies<\/h6>\n<p>Diese Cookies sind f\u00fcr das Funktionieren der Website erforderlich und k\u00f6nnen in unseren Systemen nicht deaktiviert werden. Sie werden in der Regel als Reaktion auf von Ihnen durchgef\u00fchrte Aktionen eingerichtet, die eine Anfrage nach Diensten darstellen, wie z. B. das Anmelden oder das Ausf\u00fcllen von Formularen. Sie k\u00f6nnen Ihren Browser so einstellen, dass er diese Cookies blockiert oder dar\u00fcber informiert wird, aber einige Teile der Website k\u00f6nnen betroffen sein.<\/p>\n<\/p>\n<h6>3.3.2 Performance-Cookies<\/h6>\n<p>Diese Cookies erm\u00f6glichen es uns, die Anzahl der Besuche und die Quellen des Datenverkehrs zu ermitteln, um die Leistung unserer Website zu messen und zu verbessern. Sie helfen uns auch, die meistbesuchten\/am wenigsten besuchten Seiten zu identifizieren und zu beurteilen, wie Besucher auf der Website navigieren.<\/p>\n<\/p>\n<h4>4. Wenn Sie bei REAA registriert sind<\/h4>\n<h5><strong>Erhobene Daten<\/strong><\/h5>\n<p>Wenn Sie einen Vertrag mit uns abschlie\u00dfen, erfassen wir Informationen, die Sie identifizieren, wie z. B.:<br \/>\u2013 Ihren Vor- und Nachnamen;<br \/>\u2013 Ihre Postanschrift;<br \/>\u2013 Ihre E-Mail-Adresse<\/p>\n<\/p>\n<h4>5. Kategorien von Empf\u00e4ngern<\/h4>\n<h5>5.1 Vergabe von Unterauftr\u00e4gen<\/h5>\n<p>Wir setzen keine externen Subunternehmer und Dienstleister ein.<\/p>\n<\/p>\n<h5>5.2 Weitergabe an Dritte<\/h5>\n<p>Wir k\u00f6nnen Ihre Daten an Dritte weitergeben, wenn dies gesetzlich vorgeschrieben ist oder auf Verlangen einer Justiz- oder Verwaltungsbeh\u00f6rde zum Schutz unserer Rechte oder Interessen erforderlich ist.<\/p>\n<\/p>\n<h4>6. Datensicherheit und Datenschutz<\/h4>\n<p>Wir haben entsprechend den gesetzlichen Bestimmungen und berufsrechtlichen Vorschriften angemessene Sicherheitsma\u00dfnahmen (technischer und organisatorischer Art) getroffen, um Ihre Daten gegen zuf\u00e4llige oder vors\u00e4tzliche Manipulationen, Verlust, Zerst\u00f6rung, Weitergabe oder gegen den Zugriff unberechtigter Personen zu sch\u00fctzen.<\/p>\n<\/p>\n<h4>7. Ausl\u00e4ndische Kommunikation<\/h4>\n<p>Ihre Daten werden nur in der Schweiz verarbeitet.<br \/>Im Falle einer \u00dcbermittlung an Dritte, die in L\u00e4ndern ans\u00e4ssig sind, die kein angemessenes Datenschutzniveau gew\u00e4hrleisten, werden wir jedoch geeignete Schutzma\u00dfnahmen ergreifen, wie z. B. die Unterzeichnung von Standardvertragsklauseln.<\/p>\n<\/p>\n<h4>8. Ihre Rechte<\/h4>\n<p>Sie haben die M\u00f6glichkeit, Auskunft, Berichtigung, \u00dcbertragung oder L\u00f6schung Ihrer personenbezogenen Daten zu verlangen. Um Ihre Rechte auszu\u00fcben, kontaktieren Sie uns bitte \u00fcber die im Abschnitt &#8220;Kontakt&#8221; angegebenen Kontaktdaten.<\/p>\n<\/p>\n<h4>9. Kontakt<\/h4>\n<p>Wenn Sie Fragen zu dieser Richtlinie, der Verarbeitung personenbezogener Daten, die wir durchf\u00fchren, oder zur Aus\u00fcbung Ihrer individuellen Rechte haben, kontaktieren Sie uns bitte unter der folgenden Adresse: <a href=\"mailto:chancellerie@reaatest.ch\" target=\"_blank\" rel=\"noopener\">chancellerie@reaatest.ch<\/a>.<\/p>\n<\/p>\n<h4>10. Aktualisierungen<\/h4>\n<p>Diese Richtlinie kann entsprechend den rechtlichen, operativen und strategischen Entwicklungen ge\u00e4ndert werden. Alle Aktualisierungen werden auf derselben Seite verf\u00fcgbar sein. Bitte \u00fcberpr\u00fcfen Sie diese daher regelm\u00e4\u00dfig.<\/p>\n\t\t\t\t\t\t\t\t<\/div>\n\t\t\t\t<\/div>\n\t\t\t\t<div class=\"elementor-element elementor-element-2bb06c2 elementor-widget elementor-widget-spacer\" data-id=\"2bb06c2\" data-element_type=\"widget\" data-e-type=\"widget\" data-widget_type=\"spacer.default\">\n\t\t\t\t<div class=\"elementor-widget-container\">\n\t\t\t\t\t\t\t<div class=\"elementor-spacer\">\n\t\t\t<div class=\"elementor-spacer-inner\"><\/div>\n\t\t<\/div>\n\t\t\t\t\t\t<\/div>\n\t\t\t\t<\/div>\n\t\t\t\t\t<\/div>\n\t\t\t\t<\/div>\n\t\t\t\t<\/div>\n\t\t","protected":false},"excerpt":{"rendered":"<p>Fassung vom 05. November 2024. Die Organisation &#8221; Rite Ecossais Ancien et Accepted &#8221; (REAA) mit Sitz in der Rue du Petit-Beaulieu 1, CH-1004 Lausanne, informiert die Nutzer der REAA.ch Website durch diese Datenschutzerkl\u00e4rung \u00fcber die Datenverarbeitung, die sie als Datenverantwortlicher durchf\u00fchrt. Mit der Wirkung auf Schweizer Staatsgebiet entspricht die REAA dem Bundesgesetz \u00fcber den [&hellip;]<\/p>\n","protected":false},"author":2,"featured_media":0,"parent":4287,"menu_order":0,"comment_status":"closed","ping_status":"closed","template":"","meta":{"footnotes":""},"class_list":["post-4400","page","type-page","status-publish","hentry"],"_links":{"self":[{"href":"https:\/\/reaatest.ch\/de\/wp-json\/wp\/v2\/pages\/4400","targetHints":{"allow":["GET"]}}],"collection":[{"href":"https:\/\/reaatest.ch\/de\/wp-json\/wp\/v2\/pages"}],"about":[{"href":"https:\/\/reaatest.ch\/de\/wp-json\/wp\/v2\/types\/page"}],"author":[{"embeddable":true,"href":"https:\/\/reaatest.ch\/de\/wp-json\/wp\/v2\/users\/2"}],"replies":[{"embeddable":true,"href":"https:\/\/reaatest.ch\/de\/wp-json\/wp\/v2\/comments?post=4400"}],"version-history":[{"count":2,"href":"https:\/\/reaatest.ch\/de\/wp-json\/wp\/v2\/pages\/4400\/revisions"}],"predecessor-version":[{"id":9224,"href":"https:\/\/reaatest.ch\/de\/wp-json\/wp\/v2\/pages\/4400\/revisions\/9224"}],"up":[{"embeddable":true,"href":"https:\/\/reaatest.ch\/de\/wp-json\/wp\/v2\/pages\/4287"}],"wp:attachment":[{"href":"https:\/\/reaatest.ch\/de\/wp-json\/wp\/v2\/media?parent=4400"}],"curies":[{"name":"wp","href":"https:\/\/api.w.org\/{rel}","templated":true}]}}