{"id":4473,"date":"2024-01-30T11:35:53","date_gmt":"2024-01-30T10:35:53","guid":{"rendered":"https:\/\/leprogres.gnsis.ch\/der-alte-und-akzeptierte-schottische-ritus\/"},"modified":"2025-02-13T04:34:25","modified_gmt":"2025-02-13T03:34:25","slug":"der-alte-und-akzeptierte-schottische-ritus","status":"publish","type":"page","link":"https:\/\/reaatest.ch\/de\/startseite\/der-alte-und-akzeptierte-schottische-ritus\/","title":{"rendered":"Der Alte und Akzeptierte Schottische Ritus"},"content":{"rendered":"\t\t<div data-elementor-type=\"wp-page\" data-elementor-id=\"4473\" class=\"elementor elementor-4473 elementor-617\" data-elementor-post-type=\"page\">\n\t\t\t\t<div class=\"elementor-element elementor-element-70185582 e-con-full e-flex e-con e-parent\" data-id=\"70185582\" data-element_type=\"container\" data-e-type=\"container\">\n\t\t\t\t<div class=\"elementor-element elementor-element-691ec1f5 elementor-widget elementor-widget-image\" data-id=\"691ec1f5\" data-element_type=\"widget\" data-e-type=\"widget\" data-widget_type=\"image.default\">\n\t\t\t\t<div class=\"elementor-widget-container\">\n\t\t\t\t\t\t\t\t\t\t\t\t\t\t\t<img decoding=\"async\" src=\"https:\/\/reaatest.ch\/wp-content\/uploads\/elementor\/thumbs\/REAA_1-scaled-r3dr03p78oxfkktgr778j48nb6mjkne15xhwduo3ww.jpg\" title=\"Golden sword embedded in a stone, legendary myth, 3D illustration\" alt=\"Golden sword embedded in a stone, legendary myth, 3D illustration\" loading=\"lazy\" \/>\t\t\t\t\t\t\t\t\t\t\t\t\t\t\t<\/div>\n\t\t\t\t<\/div>\n\t\t\t\t<\/div>\n\t\t<div class=\"elementor-element elementor-element-5edfd78f e-flex e-con-boxed e-con e-parent\" data-id=\"5edfd78f\" data-element_type=\"container\" data-e-type=\"container\">\n\t\t\t\t\t<div class=\"e-con-inner\">\n\t\t\t\t<div class=\"elementor-element elementor-element-62d4f1da elementor-widget elementor-widget-spacer\" data-id=\"62d4f1da\" data-element_type=\"widget\" data-e-type=\"widget\" data-widget_type=\"spacer.default\">\n\t\t\t\t<div class=\"elementor-widget-container\">\n\t\t\t\t\t\t\t<div class=\"elementor-spacer\">\n\t\t\t<div class=\"elementor-spacer-inner\"><\/div>\n\t\t<\/div>\n\t\t\t\t\t\t<\/div>\n\t\t\t\t<\/div>\n\t\t\t\t\t<\/div>\n\t\t\t\t<\/div>\n\t\t<div class=\"elementor-element elementor-element-32874282 e-con-full e-flex e-con e-parent\" data-id=\"32874282\" data-element_type=\"container\" data-e-type=\"container\">\n\t\t\t\t<div class=\"elementor-element elementor-element-4c5ff285 elementor-widget elementor-widget-heading\" data-id=\"4c5ff285\" data-element_type=\"widget\" data-e-type=\"widget\" data-widget_type=\"heading.default\">\n\t\t\t\t<div class=\"elementor-widget-container\">\n\t\t\t\t\t<h2 class=\"elementor-heading-title elementor-size-default\">Alter und Angenommener Schottischer Ritus<\/h2>\t\t\t\t<\/div>\n\t\t\t\t<\/div>\n\t\t\t\t<\/div>\n\t\t<div class=\"elementor-element elementor-element-148bdef6 e-flex e-con-boxed e-con e-parent\" data-id=\"148bdef6\" data-element_type=\"container\" data-e-type=\"container\">\n\t\t\t\t\t<div class=\"e-con-inner\">\n\t\t\t\t<div class=\"elementor-element elementor-element-156b3acd elementor-widget elementor-widget-spacer\" data-id=\"156b3acd\" data-element_type=\"widget\" data-e-type=\"widget\" data-widget_type=\"spacer.default\">\n\t\t\t\t<div class=\"elementor-widget-container\">\n\t\t\t\t\t\t\t<div class=\"elementor-spacer\">\n\t\t\t<div class=\"elementor-spacer-inner\"><\/div>\n\t\t<\/div>\n\t\t\t\t\t\t<\/div>\n\t\t\t\t<\/div>\n\t\t\t\t\t<\/div>\n\t\t\t\t<\/div>\n\t\t<div class=\"elementor-element elementor-element-6d94bc31 e-con-full e-flex e-con e-parent\" data-id=\"6d94bc31\" data-element_type=\"container\" data-e-type=\"container\">\n\t\t\t\t<div class=\"elementor-element elementor-element-aa70cc9 elementor-widget__width-initial elementor-widget elementor-widget-text-editor\" data-id=\"aa70cc9\" data-element_type=\"widget\" data-e-type=\"widget\" data-widget_type=\"text-editor.default\">\n\t\t\t\t<div class=\"elementor-widget-container\">\n\t\t\t\t\t\t\t\t\t<h4>Der Geist des Alten und Angenommenen Schottischen Ritus<\/h4><p>Der Alte und Angenommene schottische Ritus (AASR) ist ein initiatischer Orden. Wie auch die Johannismaurerei bedient er sich der Initiation als zentralem Medium der Kommunikation. <br \/>Die Initiation ist eine Methode der sogenannten \u00dcbergangsrituale. Das sind Rituale, in deren Vollzug der Protagonist des Rituals, bezogen auf die soziale Dimension, den Status und, bezogen auf den geistigen Raum, die Bewusstseinsebene wechselt.\u00a0<\/p><p>Wenn ein Freimaurer des 3. Grades der Johannismaurerei in den Alten und Angenommenen Schottischen Ritus aufgenommen wird, dann wird er rituell in eine neue Gemeinschaft eingef\u00fchrt bzw. initiiert. Sein sozialer Status unterliegt damit einem Wechsel. Gleichzeitig er\u00f6ffnet sich ihm durch diese Initiation auch eine neue geistige Welt, die auf sein Bewusstsein einwirkt und es so ver\u00e4ndert.<\/p><p>W\u00e4hrend man sich in der Johannismaurerei um die Mitgliedschaft bewerben kann, erfolgt der Eintritt in den AASR gem\u00e4ss der Logik eines Ordens durch Berufung. Berufen werden k\u00f6nnen ausschliesslich Freimaurer im Meistergrad einer Johannisloge, die Mitglied einer anerkannten, regul\u00e4ren Grossloge ist.<span style=\"color: var( --e-global-color-text ); font-family: var( --e-global-typography-text-font-family ), Sans-serif; font-size: var( --e-global-typography-text-font-size ); font-weight: var( --e-global-typography-text-font-weight ); letter-spacing: var( --e-global-typography-text-letter-spacing ); word-spacing: var( --e-global-typography-text-word-spacing ); text-align: var(--text-align);\">\u00a0<\/span><\/p><p>Die Johannismaurerei arbeitet in drei Graden. Der AASR ist ein Hochgradsystem, das die Grade vier bis dreiunddreissig bearbeitet. Er schliesst also an die Johannismaurerei an. Dabei anerkennt er den Grundsatz, dass diese in ihren drei Graden die ganze Freimaurerei enth\u00e4lt. Wie \u00fcberall gibt es aber auch hier die M\u00f6glichkeit, weiterzudenken. Und genau das tut der AASR.<\/p><p>Die Johannismaurerei ist eine Baukunst. Im Zentrum stehen die Geometrie und das Handwerk, konkret und symbolisch. Das Bauen im Zusammenhang mit dem sogenannten Salomonischen Tempel bleibt auch im AASR ein Thema. Es wird aber mit weiterf\u00fchrenden Themen verkn\u00fcpft und schliesslich verlassen. Nur ganz am Schluss kehrt es auf \u00fcberraschende Weise zur\u00fcck.<\/p><p>Ein Leitmotiv in den Ritualen des AASR ist das verlorene Wort. Die Suche danach erzeugt eine Sehnsuchtsspannung, eine Unruhe und ein best\u00e4ndiges Wandern. In Teilen dramatisierte Erz\u00e4hlungen \u00fcber derartige Suchende, die von den Einzuweihenden verk\u00f6rpert werden, pr\u00e4gen die Rituale formal und inhaltlich oft.<\/p><p>Die Suche nach etwas Verlorenem, das, nachdem es gefunden wurde, auch wieder neu verloren gehen kann, ist ein nicht abzuschliessender Prozess. Diese Suche impliziert einen Blick zur\u00fcck, ist aber nicht nostalgisch. Das Wiedergefundene repr\u00e4sentiert n\u00e4mlich wichtige Vorstellungen und Werte, die f\u00fcr die Gestaltung von Gegenwart und Zukunft unverzichtbar sind. In diesem Prozess der Gestaltung ver\u00e4ndert sich auch das Wiedergefundene. Es geht in der Arbeit der Br\u00fcder Ritter des Alten und Angenommenen Schottischen Ritus also nicht um die Wiederherstellung von etwas Vergangenem.<span style=\"color: var( --e-global-color-text ); font-family: var( --e-global-typography-text-font-family ), Sans-serif; font-size: var( --e-global-typography-text-font-size ); font-weight: var( --e-global-typography-text-font-weight ); letter-spacing: var( --e-global-typography-text-letter-spacing ); word-spacing: var( --e-global-typography-text-word-spacing ); text-align: var(--text-align);\">\u00a0<\/span><\/p><p>Die Philosophie und die angestrebte Praxis des AASR sind dementsprechend \u00fcberaus deutlich mit den Imperativen der europ\u00e4ischen Aufkl\u00e4rung nach \u00dcberwindung allen Aberglaubens durch den Gebrauch der Vernunft im Interesse der Freiheit und der geistigen und moralischen Entwicklung des Menschen verkn\u00fcpft.\u00a0<\/p><p>Die Vernunft ist viel mehr als der rechnende Verstand. Sie ist ein \u201enat\u00fcrliches Licht\u201c, das dem Menschen eigen ist und Phantasie und Gef\u00fchl einschliesst. Aberglauben &#8211; und dazu geh\u00f6ren auch alle durch Manipulation gezielt erzeugten T\u00e4uschungen \u2013 bedroht uns aber alle permanent und muss deshalb immer wieder neu \u00fcberwunden werden.<span style=\"color: var( --e-global-color-text ); font-family: var( --e-global-typography-text-font-family ), Sans-serif; font-size: var( --e-global-typography-text-font-size ); font-weight: var( --e-global-typography-text-font-weight ); letter-spacing: var( --e-global-typography-text-letter-spacing ); word-spacing: var( --e-global-typography-text-word-spacing ); text-align: var(--text-align);\">\u00a0<\/span><\/p><p>Die symbolische Figur dessen, der diese Philosophie und angestrebte Praxis des AASR zu verwirklichen anstrebt, ist der Ritter. Ihm sucht der Bruder Freimaurer im Alten und Angemessenen Schottischen Ritus in seinem Denken, F\u00fchlen und Handeln zu entsprechen.<span style=\"color: var( --e-global-color-text ); font-family: var( --e-global-typography-text-font-family ), Sans-serif; font-size: var( --e-global-typography-text-font-size ); font-weight: var( --e-global-typography-text-font-weight ); letter-spacing: var( --e-global-typography-text-letter-spacing ); word-spacing: var( --e-global-typography-text-word-spacing ); text-align: var(--text-align);\">\u00a0<\/span><\/p><p>Ein Beispiel daf\u00fcr ist der Tempelritter. Der historische Tempelritter wird im Ritual zur Figur einer Legende. Er ist vorbildlich in seinem Kampf f\u00fcr die Freiheit des Denkens und Handelns, solange diese ethisch begr\u00fcndet sind, vorbildlich auch in seinem Streben nach Wissen, das an den Grenzen des schon Bekannten nicht Halt macht, wie der Gnosis und exemplarisch in seinem Ausharren im Vernichtungskampf, den religi\u00f6se und weltliche Macht \u2013 Kirche und Staat \u2013 gegen ihn f\u00fchren.<span style=\"color: var( --e-global-color-text ); font-family: var( --e-global-typography-text-font-family ), Sans-serif; font-size: var( --e-global-typography-text-font-size ); font-weight: var( --e-global-typography-text-font-weight ); letter-spacing: var( --e-global-typography-text-letter-spacing ); word-spacing: var( --e-global-typography-text-word-spacing ); text-align: var(--text-align);\">\u00a0<\/span><\/p><p>Ritterlich in einem noch weiter gefassten symbolischen Sinn k\u00f6nnen aber auch Figuren aus ganz anderen Zusammenh\u00e4ngen wie dem Alten Testament, dem Neuen Testament und schliesslich aus Religionen und Philosophien beinahe der ganzen Welt denken, f\u00fchlen und handeln.<span style=\"color: var( --e-global-color-text ); font-family: var( --e-global-typography-text-font-family ), Sans-serif; font-size: var( --e-global-typography-text-font-size ); font-weight: var( --e-global-typography-text-font-weight ); letter-spacing: var( --e-global-typography-text-letter-spacing ); word-spacing: var( --e-global-typography-text-word-spacing ); text-align: var(--text-align);\">\u00a0<\/span><\/p><p>Im AASR \u00f6ffnen sich so historisch, geographisch und geistig weite R\u00e4ume: J\u00fcdische, persische, christliche und islamische geistige Str\u00f6mungen, immer auch unter Ber\u00fccksichtigung der esoterischen Traditionen, geh\u00f6ren dazu, dann aber nat\u00fcrlich auch die griechische Philosophie und schliesslich sogar indische und chinesische Weisheit.<\/p><p>All dies ist aber nie reine Spekulation oder Mystik, es ist immer verbunden mit dem Auftrag, sich im allt\u00e4glichen Leben f\u00fcr Freiheit, Gerechtigkeit, Vernunft und Liebe unter den Menschen ritterlich einzusetzen. Die Spiritualit\u00e4t des AASR ist in diesem Sinne immer auch eine der Tat.<\/p><p>Die geistige Welt des Alten und Angenommenen Ritus ist sehr komplex. Gerade deshalb vermag sie f\u00fcr diejenigen, die sich in sie einf\u00fchren lassen und sich dann aus eigener Kraft und im Kontakt mit anderen Br\u00fcdern Rittern auch wirklich darauf einlassen, in einer immer komplexer, un\u00fcbersichtlicher und k\u00e4lter werdenden Welt Orientierung und ein Gef\u00fchl der Zusammengeh\u00f6rigkeit zu stiften.<\/p><p>\u00a0<\/p>\t\t\t\t\t\t\t\t<\/div>\n\t\t\t\t<\/div>\n\t\t\t\t<div class=\"elementor-element elementor-element-0db6bbb elementor-widget__width-initial elementor-widget elementor-widget-text-editor\" data-id=\"0db6bbb\" data-element_type=\"widget\" data-e-type=\"widget\" data-widget_type=\"text-editor.default\">\n\t\t\t\t<div class=\"elementor-widget-container\">\n\t\t\t\t\t\t\t\t\t<h4><span style=\"color: #da291c;\">Struktur des Ritus<\/span><\/h4><p>Nach den ersten drei Graden der <em>sogenannten blauen<\/em> oder <em>symbolischen<\/em> Logen oder <em>des heiligen Johannes<\/em> (Lehrling, Geselle, Meister) treffen wir auf<\/p><ul><li>die Perfektionslogen, Grade 4 bis 14;<\/li><li>das Kapitel, Grade 15 bis 18;<\/li><li>den Areopag (Grad 19 bis 30);<\/li><li>das Konsistorium (31. und 32. Grad) ist in zwei Abteilungen unterteilt, eine franz\u00f6sischsprachige und eine deutschsprachige;<\/li><li>den Grosse Rat (33. Grad) bestehend aus 99 aktiven General-Grossinspektoren, von denen 33 Mitglieder des;<\/li><li>Obersten Rates (33.. Grad) sind.<\/li><\/ul>\t\t\t\t\t\t\t\t<\/div>\n\t\t\t\t<\/div>\n\t\t\t\t<div class=\"elementor-element elementor-element-e75d292 elementor-widget__width-initial elementor-widget elementor-widget-text-editor\" data-id=\"e75d292\" data-element_type=\"widget\" data-e-type=\"widget\" data-widget_type=\"text-editor.default\">\n\t\t\t\t<div class=\"elementor-widget-container\">\n\t\t\t\t\t\t\t\t\t<h4><span style=\"color: #da291c;\">Titel und Hierarchie<\/span><\/h4><p>Die folgenden neun Mitglieder des Beamten-Kollegiums (Coll\u00e8ge des Officiers) sind sozusagen die exekutive Gewalt des Ritus. W\u00e4hrend einer Zeremonie treten sie in umgekehrter Reihenfolge ein; sie werden jedoch in der folgenden Reihenfolge aufgef\u00fchrt:<\/p><ol><li>Sehr M\u00e4chtiger\u00a0Souver\u00e4ner Grosskommandeur<\/li><li>Sehr Illustrer Leutnant-Grosskomandeur<\/li><li>Sehr Illustrer\u00a0\u00a0Grosskanzler<\/li><li>Sehr Illustrer\u00a0\u00a0Grossschatzmeister<\/li><li>Sehr Illustrer\u00a0\u00a0Grossredner der franz\u00f6sischen Sprache<\/li><li>Sehr Illustrer\u00a0\u00a0Grossredner\u00a0der deutschen Sprache<\/li><li>Sehr Illustrer\u00a0\u00a0Grossredner\u00a0der italienischen Sprache<\/li><li>Sehr Illustrer\u00a0\u00a0Grosszeremonienmeister<\/li><li>Sehr Illustrer\u00a0\u00a0Hauptmann der Wache<\/li><\/ol><p>und schliesslich die\u00a0illustren\u00a0Ehren-Mitgliedere:<\/p><ul><li>Illustren Ehrengrosskommandeure<\/li><li>Illustre\u00a0Ehrenmitglieder des Obersten Rates<\/li><li>Illustre Mitglieder honoraire des Obersten Rates<\/li><\/ul>\t\t\t\t\t\t\t\t<\/div>\n\t\t\t\t<\/div>\n\t\t\t\t<\/div>\n\t\t<div class=\"elementor-element elementor-element-94a61cd e-flex e-con-boxed e-con e-parent\" data-id=\"94a61cd\" data-element_type=\"container\" data-e-type=\"container\">\n\t\t\t\t\t<div class=\"e-con-inner\">\n\t\t\t\t<div class=\"elementor-element elementor-element-457f30b5 elementor-widget elementor-widget-spacer\" data-id=\"457f30b5\" data-element_type=\"widget\" data-e-type=\"widget\" data-widget_type=\"spacer.default\">\n\t\t\t\t<div class=\"elementor-widget-container\">\n\t\t\t\t\t\t\t<div class=\"elementor-spacer\">\n\t\t\t<div class=\"elementor-spacer-inner\"><\/div>\n\t\t<\/div>\n\t\t\t\t\t\t<\/div>\n\t\t\t\t<\/div>\n\t\t\t\t\t<\/div>\n\t\t\t\t<\/div>\n\t\t<div class=\"elementor-element elementor-element-5743ea5c e-flex e-con-boxed e-con e-parent\" data-id=\"5743ea5c\" data-element_type=\"container\" data-e-type=\"container\">\n\t\t\t\t\t<div class=\"e-con-inner\">\n\t\t\t\t<div class=\"elementor-element elementor-element-63b1b480 elementor-button-info elementor-align-center elementor-widget elementor-widget-button\" data-id=\"63b1b480\" data-element_type=\"widget\" data-e-type=\"widget\" data-widget_type=\"button.default\">\n\t\t\t\t<div class=\"elementor-widget-container\">\n\t\t\t\t\t\t\t\t\t<div class=\"elementor-button-wrapper\">\n\t\t\t\t\t<a class=\"elementor-button elementor-button-link elementor-size-sm\" href=\"https:\/\/reaatest.ch\/de\/startseite\/greifen-sie-auf-das-ritual-zu\/\">\n\t\t\t\t\t\t<span class=\"elementor-button-content-wrapper\">\n\t\t\t\t\t\t\t\t\t<span class=\"elementor-button-text\">Freimaurer werden - dem Ritus beitreten<\/span>\n\t\t\t\t\t<\/span>\n\t\t\t\t\t<\/a>\n\t\t\t\t<\/div>\n\t\t\t\t\t\t\t\t<\/div>\n\t\t\t\t<\/div>\n\t\t\t\t\t<\/div>\n\t\t\t\t<\/div>\n\t\t<div class=\"elementor-element elementor-element-6154e6d0 e-flex e-con-boxed e-con e-parent\" data-id=\"6154e6d0\" data-element_type=\"container\" data-e-type=\"container\">\n\t\t\t\t\t<div class=\"e-con-inner\">\n\t\t\t\t<div class=\"elementor-element elementor-element-1015f66c elementor-widget elementor-widget-spacer\" data-id=\"1015f66c\" data-element_type=\"widget\" data-e-type=\"widget\" data-widget_type=\"spacer.default\">\n\t\t\t\t<div class=\"elementor-widget-container\">\n\t\t\t\t\t\t\t<div class=\"elementor-spacer\">\n\t\t\t<div class=\"elementor-spacer-inner\"><\/div>\n\t\t<\/div>\n\t\t\t\t\t\t<\/div>\n\t\t\t\t<\/div>\n\t\t\t\t\t<\/div>\n\t\t\t\t<\/div>\n\t\t\t\t<\/div>\n\t\t","protected":false},"excerpt":{"rendered":"<p>Alter und Angenommener Schottischer Ritus Der Geist des Alten und Angenommenen Schottischen Ritus Der Alte und Angenommene schottische Ritus (AASR) ist ein initiatischer Orden. Wie auch die Johannismaurerei bedient er sich der Initiation als zentralem Medium der Kommunikation. Die Initiation ist eine Methode der sogenannten \u00dcbergangsrituale. Das sind Rituale, in deren Vollzug der Protagonist des [&hellip;]<\/p>\n","protected":false},"author":2,"featured_media":0,"parent":4287,"menu_order":0,"comment_status":"closed","ping_status":"closed","template":"","meta":{"footnotes":""},"class_list":["post-4473","page","type-page","status-publish","hentry"],"_links":{"self":[{"href":"https:\/\/reaatest.ch\/de\/wp-json\/wp\/v2\/pages\/4473","targetHints":{"allow":["GET"]}}],"collection":[{"href":"https:\/\/reaatest.ch\/de\/wp-json\/wp\/v2\/pages"}],"about":[{"href":"https:\/\/reaatest.ch\/de\/wp-json\/wp\/v2\/types\/page"}],"author":[{"embeddable":true,"href":"https:\/\/reaatest.ch\/de\/wp-json\/wp\/v2\/users\/2"}],"replies":[{"embeddable":true,"href":"https:\/\/reaatest.ch\/de\/wp-json\/wp\/v2\/comments?post=4473"}],"version-history":[{"count":52,"href":"https:\/\/reaatest.ch\/de\/wp-json\/wp\/v2\/pages\/4473\/revisions"}],"predecessor-version":[{"id":11907,"href":"https:\/\/reaatest.ch\/de\/wp-json\/wp\/v2\/pages\/4473\/revisions\/11907"}],"up":[{"embeddable":true,"href":"https:\/\/reaatest.ch\/de\/wp-json\/wp\/v2\/pages\/4287"}],"wp:attachment":[{"href":"https:\/\/reaatest.ch\/de\/wp-json\/wp\/v2\/media?parent=4473"}],"curies":[{"name":"wp","href":"https:\/\/api.w.org\/{rel}","templated":true}]}}