{"id":4289,"date":"2024-01-15T19:03:44","date_gmt":"2024-01-15T18:03:44","guid":{"rendered":"https:\/\/leprogres.gnsis.ch\/casa\/"},"modified":"2026-01-24T07:37:19","modified_gmt":"2026-01-24T06:37:19","slug":"casa","status":"publish","type":"page","link":"https:\/\/reaatest.ch\/it\/","title":{"rendered":"Casa"},"content":{"rendered":"\t\t<div data-elementor-type=\"wp-page\" data-elementor-id=\"4289\" class=\"elementor elementor-4289 elementor-354\" data-elementor-post-type=\"page\">\n\t\t\t\t<div class=\"elementor-element elementor-element-ed4810e e-con-full e-flex e-con e-parent\" data-id=\"ed4810e\" data-element_type=\"container\" data-e-type=\"container\">\n\t\t\t\t<div class=\"elementor-element elementor-element-2388050 elementor-widget-mobile__width-inherit elementor-widget__width-inherit elementor-arrows-position-inside elementor-widget elementor-widget-image-carousel\" data-id=\"2388050\" data-element_type=\"widget\" data-e-type=\"widget\" data-settings=\"{&quot;slides_to_show&quot;:&quot;1&quot;,&quot;navigation&quot;:&quot;arrows&quot;,&quot;effect&quot;:&quot;fade&quot;,&quot;autoplay_speed&quot;:2000,&quot;autoplay&quot;:&quot;yes&quot;,&quot;pause_on_hover&quot;:&quot;yes&quot;,&quot;pause_on_interaction&quot;:&quot;yes&quot;,&quot;infinite&quot;:&quot;yes&quot;,&quot;speed&quot;:500}\" data-widget_type=\"image-carousel.default\">\n\t\t\t\t<div class=\"elementor-widget-container\">\n\t\t\t\t\t\t\t<div class=\"elementor-image-carousel-wrapper swiper\" role=\"region\" aria-roledescription=\"carousel\" aria-label=\"Carrousel d\u2019images\" dir=\"ltr\">\n\t\t\t<div class=\"elementor-image-carousel swiper-wrapper swiper-image-stretch\" aria-live=\"off\">\n\t\t\t\t\t\t\t\t<div class=\"swiper-slide\" role=\"group\" aria-roledescription=\"slide\" aria-label=\"1 di 3\"><figure class=\"swiper-slide-inner\"><img decoding=\"async\" class=\"swiper-slide-image\" src=\"https:\/\/reaatest.ch\/wp-content\/uploads\/elementor\/thumbs\/wepik-export-20240124142128k5OB-scaled-r3dqybrx2nuhtjv370bbnl5uq4hjgew6gz0sgsbq8w.jpg\" alt=\"2\" \/><\/figure><\/div><div class=\"swiper-slide\" role=\"group\" aria-roledescription=\"slide\" aria-label=\"2 di 3\"><figure class=\"swiper-slide-inner\"><img decoding=\"async\" class=\"swiper-slide-image\" src=\"https:\/\/reaatest.ch\/wp-content\/uploads\/elementor\/thumbs\/businessman-eyeglasses-working-dark-office-scaled-r3dr02r3sk8pffblz9jbsn9qixv4s4u71mqbmbqco0.jpg\" alt=\"Uomo d&#039;affari con occhiali da vista che lavora in un ufficio buio. Vista ravvicinata di seri colleghi di lavoro multietnici che lavorano fino a tarda notte, messa a fuoco selettiva. Concetto di lavoro fino a tardi\" \/><\/figure><\/div><div class=\"swiper-slide\" role=\"group\" aria-roledescription=\"slide\" aria-label=\"3 di 3\"><figure class=\"swiper-slide-inner\"><img decoding=\"async\" class=\"swiper-slide-image\" src=\"https:\/\/reaatest.ch\/wp-content\/uploads\/elementor\/thumbs\/mature-male-lawyer-holding-law-book-standing-courtroom-scaled-r3dr03oxze9zr1a8trxyd5174bqhztxxdrdt3loyhs.jpg\" alt=\"maturo-uomo-avvocato-che-tiene-un-libro-di-legge-in-aula-di-corte\" \/><\/figure><\/div>\t\t\t<\/div>\n\t\t\t\t\t\t\t\t\t\t\t\t<div class=\"elementor-swiper-button elementor-swiper-button-prev\" role=\"button\" tabindex=\"0\">\n\t\t\t\t\t\t<svg aria-hidden=\"true\" class=\"e-font-icon-svg e-eicon-chevron-left\" viewBox=\"0 0 1000 1000\" xmlns=\"http:\/\/www.w3.org\/2000\/svg\"><path d=\"M646 125C629 125 613 133 604 142L308 442C296 454 292 471 292 487 292 504 296 521 308 533L604 854C617 867 629 875 646 875 663 875 679 871 692 858 704 846 713 829 713 812 713 796 708 779 692 767L438 487 692 225C700 217 708 204 708 187 708 171 704 154 692 142 675 129 663 125 646 125Z\"><\/path><\/svg>\t\t\t\t\t<\/div>\n\t\t\t\t\t<div class=\"elementor-swiper-button elementor-swiper-button-next\" role=\"button\" tabindex=\"0\">\n\t\t\t\t\t\t<svg aria-hidden=\"true\" class=\"e-font-icon-svg e-eicon-chevron-right\" viewBox=\"0 0 1000 1000\" xmlns=\"http:\/\/www.w3.org\/2000\/svg\"><path d=\"M696 533C708 521 713 504 713 487 713 471 708 454 696 446L400 146C388 133 375 125 354 125 338 125 325 129 313 142 300 154 292 171 292 187 292 204 296 221 308 233L563 492 304 771C292 783 288 800 288 817 288 833 296 850 308 863 321 871 338 875 354 875 371 875 388 867 400 854L696 533Z\"><\/path><\/svg>\t\t\t\t\t<\/div>\n\t\t\t\t\n\t\t\t\t\t\t\t\t\t<\/div>\n\t\t\t\t\t\t<\/div>\n\t\t\t\t<\/div>\n\t\t\t\t<div class=\"elementor-element elementor-element-a52d0f9 elementor-widget elementor-widget-spacer\" data-id=\"a52d0f9\" data-element_type=\"widget\" data-e-type=\"widget\" data-widget_type=\"spacer.default\">\n\t\t\t\t<div class=\"elementor-widget-container\">\n\t\t\t\t\t\t\t<div class=\"elementor-spacer\">\n\t\t\t<div class=\"elementor-spacer-inner\"><\/div>\n\t\t<\/div>\n\t\t\t\t\t\t<\/div>\n\t\t\t\t<\/div>\n\t\t\t\t<\/div>\n\t\t<div class=\"elementor-element elementor-element-54553fb e-con-full e-flex e-con e-parent\" data-id=\"54553fb\" data-element_type=\"container\" data-e-type=\"container\">\n\t\t\t\t<div class=\"elementor-element elementor-element-42209b9 elementor-widget elementor-widget-heading\" data-id=\"42209b9\" data-element_type=\"widget\" data-e-type=\"widget\" data-widget_type=\"heading.default\">\n\t\t\t\t<div class=\"elementor-widget-container\">\n\t\t\t\t\t<h2 class=\"elementor-heading-title elementor-size-default\">Bienvenue<\/h2>\t\t\t\t<\/div>\n\t\t\t\t<\/div>\n\t\t\t\t<div class=\"elementor-element elementor-element-1b70a95 elementor-widget elementor-widget-spacer\" data-id=\"1b70a95\" data-element_type=\"widget\" data-e-type=\"widget\" data-widget_type=\"spacer.default\">\n\t\t\t\t<div class=\"elementor-widget-container\">\n\t\t\t\t\t\t\t<div class=\"elementor-spacer\">\n\t\t\t<div class=\"elementor-spacer-inner\"><\/div>\n\t\t<\/div>\n\t\t\t\t\t\t<\/div>\n\t\t\t\t<\/div>\n\t\t\t\t<\/div>\n\t\t<div class=\"elementor-element elementor-element-5d211ae e-con-full e-flex e-con e-parent\" data-id=\"5d211ae\" data-element_type=\"container\" data-e-type=\"container\">\n\t\t<div class=\"elementor-element elementor-element-e087e10 e-con-full e-flex e-con e-child\" data-id=\"e087e10\" data-element_type=\"container\" data-e-type=\"container\">\n\t\t\t\t<div class=\"elementor-element elementor-element-584a1bc elementor-widget-mobile__width-inherit elementor-widget elementor-widget-heading\" data-id=\"584a1bc\" data-element_type=\"widget\" data-e-type=\"widget\" data-widget_type=\"heading.default\">\n\t\t\t\t<div class=\"elementor-widget-container\">\n\t\t\t\t\t<h2 class=\"elementor-heading-title elementor-size-default\">Rite Ecossais Ancien et Accept\u00e9 (REAA)\nde Suisse\n<\/h2>\t\t\t\t<\/div>\n\t\t\t\t<\/div>\n\t\t\t\t<div class=\"elementor-element elementor-element-3fe2e65 elementor-widget__width-initial elementor-widget elementor-widget-text-editor\" data-id=\"3fe2e65\" data-element_type=\"widget\" data-e-type=\"widget\" data-widget_type=\"text-editor.default\">\n\t\t\t\t<div class=\"elementor-widget-container\">\n\t\t\t\t\t\t\t\t\t<div data-canvas-width=\"515.4986666666666\">Il Rito Scozzese Antico e Accettato (RSAA) \u00e8 il sistema di Alti Gradi pi\u00f9 diffuso al mondo. \u00c8 organizzato in entit\u00e0 nazionali indipendenti in pi\u00f9 di sessanta paesi; ciascuno pone il proprio lavoro sotto l&#8217;egida di un Consiglio Supremo.<\/div><div data-canvas-width=\"515.4986666666666\"> <\/div><div data-canvas-width=\"517.888\">La RSAA ammette nei suoi ranghi qualsiasi Massone che, dopo essere stato iniziato come Apprendista in una Loggia chiamata San Giovanni \u2013 o blu, o simbolica \u2013 promosso a Compagno, poi elevato al Grado di Maestro, desidera continuare la sua ricerca sulla via dei Gradi di Perfezione rivendicando gli ideali massonici di umanit\u00e0 e tolleranza.<\/div><div data-canvas-width=\"517.888\"> <\/div><div data-canvas-width=\"613.9306666666666\">Con lo status giuridico di associazione, la REAA della Svizzera ammette i Maestri Massoni delle Logge federate sotto l&#8217;Obbedienza della Gran Loggia Svizzera Alpina (GLSA). Per maggiori dettagli, vedere <\/div><div data-canvas-width=\"230.9333333333334\"><a href=\"https:\/\/freimaurerei.ch\/it\/\">https:\/\/freimaurerei.ch\/it\/<\/a><\/div>\t\t\t\t\t\t\t\t<\/div>\n\t\t\t\t<\/div>\n\t\t\t\t<div class=\"elementor-element elementor-element-c4e212e elementor-button-info elementor-widget elementor-widget-button\" data-id=\"c4e212e\" data-element_type=\"widget\" data-e-type=\"widget\" data-widget_type=\"button.default\">\n\t\t\t\t<div class=\"elementor-widget-container\">\n\t\t\t\t\t\t\t\t\t<div class=\"elementor-button-wrapper\">\n\t\t\t\t\t<a class=\"elementor-button elementor-button-link elementor-size-sm\" href=\"https:\/\/reaatest.ch\/it\/casa\/la-storia\/\">\n\t\t\t\t\t\t<span class=\"elementor-button-content-wrapper\">\n\t\t\t\t\t\t\t\t\t<span class=\"elementor-button-text\">La nostra storia<\/span>\n\t\t\t\t\t<\/span>\n\t\t\t\t\t<\/a>\n\t\t\t\t<\/div>\n\t\t\t\t\t\t\t\t<\/div>\n\t\t\t\t<\/div>\n\t\t\t\t<\/div>\n\t\t\t\t<div class=\"elementor-element elementor-element-c9dc682 elementor-widget-tablet__width-inherit elementor-widget elementor-widget-image\" data-id=\"c9dc682\" data-element_type=\"widget\" data-e-type=\"widget\" data-widget_type=\"image.default\">\n\t\t\t\t<div class=\"elementor-widget-container\">\n\t\t\t\t\t\t\t\t\t\t\t\t\t\t\t<img fetchpriority=\"high\" decoding=\"async\" width=\"768\" height=\"432\" src=\"https:\/\/reaatest.ch\/wp-content\/uploads\/2025\/01\/SaintGall2-768x432.jpg\" class=\"attachment-medium_large size-medium_large wp-image-11433\" alt=\"\" srcset=\"https:\/\/reaatest.ch\/wp-content\/uploads\/2025\/01\/SaintGall2-768x432.jpg 768w, https:\/\/reaatest.ch\/wp-content\/uploads\/2025\/01\/SaintGall2-300x169.jpg 300w, https:\/\/reaatest.ch\/wp-content\/uploads\/2025\/01\/SaintGall2-1024x576.jpg 1024w, https:\/\/reaatest.ch\/wp-content\/uploads\/2025\/01\/SaintGall2-1536x864.jpg 1536w, https:\/\/reaatest.ch\/wp-content\/uploads\/2025\/01\/SaintGall2-2048x1152.jpg 2048w\" sizes=\"(max-width: 768px) 100vw, 768px\" \/>\t\t\t\t\t\t\t\t\t\t\t\t\t\t\t<\/div>\n\t\t\t\t<\/div>\n\t\t\t\t<\/div>\n\t\t<div class=\"elementor-element elementor-element-f71ab57 e-flex e-con-boxed e-con e-parent\" data-id=\"f71ab57\" data-element_type=\"container\" data-e-type=\"container\">\n\t\t\t\t\t<div class=\"e-con-inner\">\n\t\t\t\t<div class=\"elementor-element elementor-element-a79896a elementor-widget elementor-widget-spacer\" data-id=\"a79896a\" data-element_type=\"widget\" data-e-type=\"widget\" data-widget_type=\"spacer.default\">\n\t\t\t\t<div class=\"elementor-widget-container\">\n\t\t\t\t\t\t\t<div class=\"elementor-spacer\">\n\t\t\t<div class=\"elementor-spacer-inner\"><\/div>\n\t\t<\/div>\n\t\t\t\t\t\t<\/div>\n\t\t\t\t<\/div>\n\t\t\t\t<div class=\"elementor-element elementor-element-61bc901 elementor-widget-divider--view-line elementor-widget elementor-widget-divider\" data-id=\"61bc901\" data-element_type=\"widget\" data-e-type=\"widget\" data-widget_type=\"divider.default\">\n\t\t\t\t<div class=\"elementor-widget-container\">\n\t\t\t\t\t\t\t<div class=\"elementor-divider\">\n\t\t\t<span class=\"elementor-divider-separator\">\n\t\t\t\t\t\t<\/span>\n\t\t<\/div>\n\t\t\t\t\t\t<\/div>\n\t\t\t\t<\/div>\n\t\t\t\t\t<\/div>\n\t\t\t\t<\/div>\n\t\t<div class=\"elementor-element elementor-element-7e4f1df e-flex e-con-boxed e-con e-parent\" data-id=\"7e4f1df\" data-element_type=\"container\" data-e-type=\"container\">\n\t\t\t\t\t<div class=\"e-con-inner\">\n\t\t\t\t<div class=\"elementor-element elementor-element-f260a63 elementor-widget elementor-widget-spacer\" data-id=\"f260a63\" data-element_type=\"widget\" data-e-type=\"widget\" data-widget_type=\"spacer.default\">\n\t\t\t\t<div class=\"elementor-widget-container\">\n\t\t\t\t\t\t\t<div class=\"elementor-spacer\">\n\t\t\t<div class=\"elementor-spacer-inner\"><\/div>\n\t\t<\/div>\n\t\t\t\t\t\t<\/div>\n\t\t\t\t<\/div>\n\t\t\t\t\t<\/div>\n\t\t\t\t<\/div>\n\t\t<div class=\"elementor-element elementor-element-8659f2a e-con-full e-flex e-con e-parent\" data-id=\"8659f2a\" data-element_type=\"container\" data-e-type=\"container\">\n\t\t\t\t<div class=\"elementor-element elementor-element-748bfad elementor-widget elementor-widget-image\" data-id=\"748bfad\" data-element_type=\"widget\" data-e-type=\"widget\" data-widget_type=\"image.default\">\n\t\t\t\t<div class=\"elementor-widget-container\">\n\t\t\t\t\t\t\t\t\t\t\t\t\t\t\t<img decoding=\"async\" width=\"714\" height=\"1024\" src=\"https:\/\/reaatest.ch\/wp-content\/uploads\/2025\/03\/Cover_PaxVobis_02-2024-714x1024.jpg\" class=\"attachment-large size-large wp-image-14122\" alt=\"\" srcset=\"https:\/\/reaatest.ch\/wp-content\/uploads\/2025\/03\/Cover_PaxVobis_02-2024-714x1024.jpg 714w, https:\/\/reaatest.ch\/wp-content\/uploads\/2025\/03\/Cover_PaxVobis_02-2024-209x300.jpg 209w, https:\/\/reaatest.ch\/wp-content\/uploads\/2025\/03\/Cover_PaxVobis_02-2024-768x1102.jpg 768w, https:\/\/reaatest.ch\/wp-content\/uploads\/2025\/03\/Cover_PaxVobis_02-2024-1071x1536.jpg 1071w, https:\/\/reaatest.ch\/wp-content\/uploads\/2025\/03\/Cover_PaxVobis_02-2024-1428x2048.jpg 1428w, https:\/\/reaatest.ch\/wp-content\/uploads\/2025\/03\/Cover_PaxVobis_02-2024.jpg 1735w\" sizes=\"(max-width: 714px) 100vw, 714px\" \/>\t\t\t\t\t\t\t\t\t\t\t\t\t\t\t<\/div>\n\t\t\t\t<\/div>\n\t\t<div class=\"elementor-element elementor-element-86d0e33 e-con-full e-flex e-con e-child\" data-id=\"86d0e33\" data-element_type=\"container\" data-e-type=\"container\">\n\t\t\t\t<div class=\"elementor-element elementor-element-535aa18 elementor-widget elementor-widget-heading\" data-id=\"535aa18\" data-element_type=\"widget\" data-e-type=\"widget\" data-widget_type=\"heading.default\">\n\t\t\t\t<div class=\"elementor-widget-container\">\n\t\t\t\t\t<h2 class=\"elementor-heading-title elementor-size-default\">Notre revue<\/h2>\t\t\t\t<\/div>\n\t\t\t\t<\/div>\n\t\t\t\t<div class=\"elementor-element elementor-element-8351b1b elementor-widget elementor-widget-text-editor\" data-id=\"8351b1b\" data-element_type=\"widget\" data-e-type=\"widget\" data-widget_type=\"text-editor.default\">\n\t\t\t\t<div class=\"elementor-widget-container\">\n\t\t\t\t\t\t\t\t\t<p><span style=\"white-space-collapse: preserve;\">La RSAA in Svizzera \u00e8 responsabile della pubblicazione di &#8220;Pax Vobis&#8221;, una rivista trimestrale. Per i soci RSAA in Svizzera, l&#8217;abbonamento alla rivista \u00e8 incluso nella quota annuale. I membri di una RSAA estera possono sottoscriverla contattando la Cancelleria del Rito: <\/span><\/p>\t\t\t\t\t\t\t\t<\/div>\n\t\t\t\t<\/div>\n\t\t\t\t<div class=\"elementor-element elementor-element-fb627a5 elementor-button-info elementor-widget elementor-widget-button\" data-id=\"fb627a5\" data-element_type=\"widget\" data-e-type=\"widget\" data-widget_type=\"button.default\">\n\t\t\t\t<div class=\"elementor-widget-container\">\n\t\t\t\t\t\t\t\t\t<div class=\"elementor-button-wrapper\">\n\t\t\t\t\t<a class=\"elementor-button elementor-button-link elementor-size-sm\" href=\"https:\/\/reaatest.ch\/it\/casa\/contatto\/\">\n\t\t\t\t\t\t<span class=\"elementor-button-content-wrapper\">\n\t\t\t\t\t\t\t\t\t<span class=\"elementor-button-text\">Contatto<\/span>\n\t\t\t\t\t<\/span>\n\t\t\t\t\t<\/a>\n\t\t\t\t<\/div>\n\t\t\t\t\t\t\t\t<\/div>\n\t\t\t\t<\/div>\n\t\t\t\t<div class=\"elementor-element elementor-element-7ffed82 elementor-widget elementor-widget-text-editor\" data-id=\"7ffed82\" data-element_type=\"widget\" data-e-type=\"widget\" data-widget_type=\"text-editor.default\">\n\t\t\t\t<div class=\"elementor-widget-container\">\n\t\t\t\t\t\t\t\t\t<p>Sei un membro? <br><a href=\"https:\/\/reaatest.ch\/it\/casa\/intranet\/\">Effettua il login<\/a> per accedere ai giornali digitali presenti nell&#8217;area Intranet.<\/p>\t\t\t\t\t\t\t\t<\/div>\n\t\t\t\t<\/div>\n\t\t\t\t<\/div>\n\t\t\t\t<\/div>\n\t\t<div class=\"elementor-element elementor-element-0a458ab e-flex e-con-boxed e-con e-parent\" data-id=\"0a458ab\" data-element_type=\"container\" data-e-type=\"container\">\n\t\t\t\t\t<div class=\"e-con-inner\">\n\t\t\t\t<div class=\"elementor-element elementor-element-f2c1e4c elementor-widget elementor-widget-spacer\" data-id=\"f2c1e4c\" data-element_type=\"widget\" data-e-type=\"widget\" data-widget_type=\"spacer.default\">\n\t\t\t\t<div class=\"elementor-widget-container\">\n\t\t\t\t\t\t\t<div class=\"elementor-spacer\">\n\t\t\t<div class=\"elementor-spacer-inner\"><\/div>\n\t\t<\/div>\n\t\t\t\t\t\t<\/div>\n\t\t\t\t<\/div>\n\t\t\t\t<div class=\"elementor-element elementor-element-6f6ffee elementor-widget-divider--view-line elementor-widget elementor-widget-divider\" data-id=\"6f6ffee\" data-element_type=\"widget\" data-e-type=\"widget\" data-widget_type=\"divider.default\">\n\t\t\t\t<div class=\"elementor-widget-container\">\n\t\t\t\t\t\t\t<div class=\"elementor-divider\">\n\t\t\t<span class=\"elementor-divider-separator\">\n\t\t\t\t\t\t<\/span>\n\t\t<\/div>\n\t\t\t\t\t\t<\/div>\n\t\t\t\t<\/div>\n\t\t\t\t\t<\/div>\n\t\t\t\t<\/div>\n\t\t<div class=\"elementor-element elementor-element-70a952a e-flex e-con-boxed e-con e-parent\" data-id=\"70a952a\" data-element_type=\"container\" data-e-type=\"container\">\n\t\t\t\t\t<div class=\"e-con-inner\">\n\t\t\t\t<div class=\"elementor-element elementor-element-6113de5 elementor-widget elementor-widget-spacer\" data-id=\"6113de5\" data-element_type=\"widget\" data-e-type=\"widget\" data-widget_type=\"spacer.default\">\n\t\t\t\t<div class=\"elementor-widget-container\">\n\t\t\t\t\t\t\t<div class=\"elementor-spacer\">\n\t\t\t<div class=\"elementor-spacer-inner\"><\/div>\n\t\t<\/div>\n\t\t\t\t\t\t<\/div>\n\t\t\t\t<\/div>\n\t\t\t\t\t<\/div>\n\t\t\t\t<\/div>\n\t\t<div class=\"elementor-element elementor-element-2e3d81c e-con-full e-flex e-con e-parent\" data-id=\"2e3d81c\" data-element_type=\"container\" data-e-type=\"container\">\n\t\t<div class=\"elementor-element elementor-element-2bb4f5d e-con-full e-flex e-con e-child\" data-id=\"2bb4f5d\" data-element_type=\"container\" data-e-type=\"container\">\n\t\t\t\t<div class=\"elementor-element elementor-element-3586358 elementor-widget elementor-widget-heading\" data-id=\"3586358\" data-element_type=\"widget\" data-e-type=\"widget\" data-widget_type=\"heading.default\">\n\t\t\t\t<div class=\"elementor-widget-container\">\n\t\t\t\t\t<h2 class=\"elementor-heading-title elementor-size-default\">Communaut\u00e9 Ma\u00e7onnique<\/h2>\t\t\t\t<\/div>\n\t\t\t\t<\/div>\n\t\t\t\t<div class=\"elementor-element elementor-element-3f0cca3 elementor-widget elementor-widget-text-editor\" data-id=\"3f0cca3\" data-element_type=\"widget\" data-e-type=\"widget\" data-widget_type=\"text-editor.default\">\n\t\t\t\t<div class=\"elementor-widget-container\">\n\t\t\t\t\t\t\t\t\t<ul><li>RER <a href=\"http:\/\/www.gpih.ch\/\" target=\"_blank\" rel=\"noopener\">www.gpih.ch<\/a><\/li><li>Arco Reale <a href=\"http:\/\/www.royal-arch.ch\/\" target=\"_blank\" rel=\"noopener\">www.royal-arch.ch<\/a><\/li><li>Ma\u00e7ons de Marque <a href=\"http:\/\/www.glmmms.ch\/\" target=\"_blank\" rel=\"noopener\">www.glmmms.ch<\/a><\/li><li>Gruppo di ricerca Alpina <a href=\"http:\/\/www.masonica-gra.ch\/\" target=\"_blank\" rel=\"noopener\">www.masonica-gra.ch<\/a><\/li><li>Quartetto Coronati <a href=\"http:\/\/www.quatuor-coronati.de\/\" target=\"_blank\" rel=\"noopener\">www.quatuor-coronati.de<\/a><\/li><li>Biblioteca massonica August Belz <a href=\"http:\/\/www.bibliotheca.ch\/\" target=\"_blank\" rel=\"noopener\">www.bibliotheca.ch<\/a><\/li><\/ul>\t\t\t\t\t\t\t\t<\/div>\n\t\t\t\t<\/div>\n\t\t\t\t<\/div>\n\t\t\t\t<\/div>\n\t\t<div class=\"elementor-element elementor-element-7060f06 e-flex e-con-boxed e-con e-parent\" data-id=\"7060f06\" data-element_type=\"container\" data-e-type=\"container\">\n\t\t\t\t\t<div class=\"e-con-inner\">\n\t\t\t\t<div class=\"elementor-element elementor-element-6b2e192 elementor-widget elementor-widget-spacer\" data-id=\"6b2e192\" data-element_type=\"widget\" data-e-type=\"widget\" data-widget_type=\"spacer.default\">\n\t\t\t\t<div class=\"elementor-widget-container\">\n\t\t\t\t\t\t\t<div class=\"elementor-spacer\">\n\t\t\t<div class=\"elementor-spacer-inner\"><\/div>\n\t\t<\/div>\n\t\t\t\t\t\t<\/div>\n\t\t\t\t<\/div>\n\t\t\t\t\t<\/div>\n\t\t\t\t<\/div>\n\t\t\t\t<\/div>\n\t\t","protected":false},"excerpt":{"rendered":"<p>Bienvenue Rite Ecossais Ancien et Accept\u00e9 (REAA) de Suisse Il Rito Scozzese Antico e Accettato (RSAA) \u00e8 il sistema di Alti Gradi pi\u00f9 diffuso al mondo. \u00c8 organizzato in entit\u00e0 nazionali indipendenti in pi\u00f9 di sessanta paesi; ciascuno pone il proprio lavoro sotto l&#8217;egida di un Consiglio Supremo. La RSAA ammette nei suoi ranghi qualsiasi [&hellip;]<\/p>\n","protected":false},"author":2337,"featured_media":0,"parent":0,"menu_order":0,"comment_status":"closed","ping_status":"closed","template":"","meta":{"footnotes":""},"class_list":["post-4289","page","type-page","status-publish","hentry"],"_links":{"self":[{"href":"https:\/\/reaatest.ch\/it\/wp-json\/wp\/v2\/pages\/4289","targetHints":{"allow":["GET"]}}],"collection":[{"href":"https:\/\/reaatest.ch\/it\/wp-json\/wp\/v2\/pages"}],"about":[{"href":"https:\/\/reaatest.ch\/it\/wp-json\/wp\/v2\/types\/page"}],"author":[{"embeddable":true,"href":"https:\/\/reaatest.ch\/it\/wp-json\/wp\/v2\/users\/2337"}],"replies":[{"embeddable":true,"href":"https:\/\/reaatest.ch\/it\/wp-json\/wp\/v2\/comments?post=4289"}],"version-history":[{"count":33,"href":"https:\/\/reaatest.ch\/it\/wp-json\/wp\/v2\/pages\/4289\/revisions"}],"predecessor-version":[{"id":19044,"href":"https:\/\/reaatest.ch\/it\/wp-json\/wp\/v2\/pages\/4289\/revisions\/19044"}],"wp:attachment":[{"href":"https:\/\/reaatest.ch\/it\/wp-json\/wp\/v2\/media?parent=4289"}],"curies":[{"name":"wp","href":"https:\/\/api.w.org\/{rel}","templated":true}]}}