{"id":4406,"date":"2024-01-30T15:02:31","date_gmt":"2024-01-30T14:02:31","guid":{"rendered":"https:\/\/leprogres.gnsis.ch\/informativa-sulla-privacy\/"},"modified":"2024-11-05T13:22:18","modified_gmt":"2024-11-05T12:22:18","slug":"informativa-sulla-privacy","status":"publish","type":"page","link":"https:\/\/reaatest.ch\/it\/casa\/informativa-sulla-privacy\/","title":{"rendered":"Informativa sulla privacy"},"content":{"rendered":"\t\t<div data-elementor-type=\"wp-page\" data-elementor-id=\"4406\" class=\"elementor elementor-4406 elementor-790\" data-elementor-post-type=\"page\">\n\t\t\t\t<div class=\"elementor-element elementor-element-b8cd346 e-flex e-con-boxed e-con e-parent\" data-id=\"b8cd346\" data-element_type=\"container\" data-e-type=\"container\">\n\t\t\t\t\t<div class=\"e-con-inner\">\n\t\t\t\t<div class=\"elementor-element elementor-element-ae3561c elementor-widget elementor-widget-spacer\" data-id=\"ae3561c\" data-element_type=\"widget\" data-e-type=\"widget\" data-widget_type=\"spacer.default\">\n\t\t\t\t<div class=\"elementor-widget-container\">\n\t\t\t\t\t\t\t<div class=\"elementor-spacer\">\n\t\t\t<div class=\"elementor-spacer-inner\"><\/div>\n\t\t<\/div>\n\t\t\t\t\t\t<\/div>\n\t\t\t\t<\/div>\n\t\t\t\t<div class=\"elementor-element elementor-element-1f8674a elementor-widget__width-initial elementor-widget elementor-widget-text-editor\" data-id=\"1f8674a\" data-element_type=\"widget\" data-e-type=\"widget\" data-widget_type=\"text-editor.default\">\n\t\t\t\t<div class=\"elementor-widget-container\">\n\t\t\t\t\t\t\t\t\t<p>Versione del 05 novembre 2024.<\/p>\n\t\t\t\t\t\t\t\t<\/div>\n\t\t\t\t<\/div>\n\t\t\t\t<div class=\"elementor-element elementor-element-7469e4f elementor-widget__width-initial elementor-widget elementor-widget-text-editor\" data-id=\"7469e4f\" data-element_type=\"widget\" data-e-type=\"widget\" data-widget_type=\"text-editor.default\">\n\t\t\t\t<div class=\"elementor-widget-container\">\n\t\t\t\t\t\t\t\t\t<p>L&#8217;organizzazione &#8221; <strong>Rite Ecossais Ancien et Accepted<\/strong> &#8221; (REAA), con sede legale in Rue du <strong>Petit-Beaulieu 1, CH-1004 Lausanne,<\/strong> informa gli utenti del sito web REAA.ch, attraverso la presente informativa sulla privacy, del trattamento dei dati che effettua in qualit\u00e0 di titolare del trattamento. Producendo effetti sul territorio svizzero, la LRAA rispetta la legge federale sulla protezione dei dati del 25 settembre 2020.<\/p>\n<\/p>\n<h4>1. Ambito di applicazione<\/h4>\n<p>La presente informativa sulla privacy (di seguito &#8220;Informativa&#8221;) si applica indipendentemente dal mezzo o dal mezzo utilizzato per accedere al nostro sito Web e stabilisce le condizioni in base alle quali, durante la navigazione, raccogliamo, utilizziamo e memorizziamo le informazioni che lo riguardano, nonch\u00e9 le scelte che hai in merito alla raccolta, all&#8217;uso e alla divulgazione di tali informazioni. Si applica anche a tutti i servizi che forniamo nell&#8217;ambito delle nostre attivit\u00e0. Accedendo a questo sito Web o stipulando un contratto con noi, l&#8217;utente riconosce di aver letto, compreso e accettato di essere soggetto ai termini e alle condizioni stabiliti nella presente Informativa.<\/p>\n<\/p>\n<h4>2. Definizioni<\/h4>\n<p><strong>Dati personali<\/strong><strong>:<\/strong> qualsiasi informazione relativa a una persona fisica identificata o identificabile.<\/p>\n<p><strong>Trattamento:<\/strong> qualsiasi operazione relativa ai dati personali, indipendentemente dai mezzi e dai processi utilizzati, in particolare la raccolta, la registrazione, la conservazione, l&#8217;uso, la modifica, la comunicazione, l&#8217;archiviazione, la cancellazione o la distruzione dei dati.<\/p>\n<p><strong>Titolare del trattamento:<\/strong> la persona privata o l&#8217;ente federale che, da solo o insieme ad altri, determina le finalit\u00e0 e i mezzi del trattamento dei dati personali.<\/p>\n<p><strong>Responsabile del trattamento:<\/strong> la persona privata o l&#8217;ente federale che tratta i dati personali per conto del titolare del trattamento.<\/p>\n<p><strong>Violazione della sicurezza dei dati:<\/strong> qualsiasi violazione della sicurezza che comporti la perdita, l&#8217;alterazione, la cancellazione o la distruzione accidentale o illecita di dati personali, la divulgazione o l&#8217;accesso non autorizzato ai dati personali.<\/p>\n<\/p>\n<h4>3. Quando navighi sul nostro sito web<\/h4>\n<h5><strong>3.1 Dati raccolti<\/strong><\/h5>\n<h6>3.1.1 Dati di navigazione<\/h6>\n<p>Quando navighi sul nostro sito web, raccogliamo le seguenti informazioni su di te:<br \/>\u2013 Il tuo indirizzo IP;<br \/>\u2013 La data e l&#8217;ora della tua visita;<br \/>\u2013 Il browser utilizzato;<\/p>\n<\/p>\n<h6>3.1.2 Dati di contatto<\/h6>\n<p>Inoltre, quando l&#8217;utente effettua una richiesta di contatto o di trasmissione di pubblicazioni interne, raccogliamo, con il consenso dell&#8217;utente, le seguenti informazioni:<br \/>\u2013 Il tuo nome e cognome;<br \/>\u2013 Il tuo indirizzo e-mail;<br \/>\u2013 Il tuo numero di telefono.<\/p>\n<\/p>\n<h6>3.1.3 Dati provenienti da un social network<\/h6>\n<p>Non ci saranno dati da un social network.<\/p>\n<\/p>\n<h5><strong>3.2 Finalit\u00e0 di utilizzo dei dati<\/strong><\/h5>\n<p>In qualit\u00e0 di titolare del trattamento dei dati personali che raccogliamo sul nostro sito, questo articolo descrive le finalit\u00e0 per le quali trattiamo i tuoi dati. Non tutte le finalit\u00e0 di utilizzo dei dati si applicano a tutti gli utenti.<\/p>\n<h6>3.2.1 Prestazioni di servizi<\/h6>\n<p>Utilizziamo i vostri dati di contatto per rispondere alle vostre richieste di contatto o per trasmettere pubblicazioni interne.<\/p>\n<\/p>\n<h6>3.2.2 Perseguimento dei nostri legittimi interessi<\/h6>\n<p>I tuoi dati possono anche essere utilizzati per perseguire i nostri legittimi interessi, che includono il monitoraggio dell&#8217;uso del nostro sito, nonch\u00e9 l&#8217;indagine su eventuali reclami che potremmo ricevere da te o da terzi.<\/p>\n<\/p>\n<h5>3.3 Biscotti<\/h5>\n<p>Quando visitate il nostro sito web, i dati possono essere memorizzati o recuperati dal vostro browser, di solito sotto forma di cookie. Queste informazioni possono riguardare l&#8217;utente, le sue preferenze o il suo dispositivo e vengono utilizzate principalmente per garantire il corretto funzionamento del sito web. Ti informiamo che durante la navigazione sul nostro sito web vengono utilizzati questi tipi di cookie: <\/p>\n<\/p>\n<h6>3.3.1 Cookie necessari<\/h6>\n<p>Questi cookie sono necessari per il funzionamento del sito web e non possono essere disabilitati nei nostri sistemi. Di solito vengono impostati come risposta ad azioni intraprese dall&#8217;utente che costituiscono una richiesta di servizi, come l&#8217;accesso o la compilazione di moduli. \u00c8 possibile impostare il browser in modo da bloccare o essere avvisati dell&#8217;esistenza di questi cookie, ma alcune parti del sito Web potrebbero essere interessate.<\/p>\n<\/p>\n<h6>3.3.2 Cookie di prestazione<\/h6>\n<p>Questi cookie ci consentono di determinare il numero di visite e le fonti di traffico, al fine di misurare e migliorare le prestazioni del nostro sito web. Ci aiutano anche a identificare le pagine pi\u00f9\/meno visitate e a valutare come i visitatori navigano nel sito web.<\/p>\n<\/p>\n<h4>4. Quando sei registrato a REAA<\/h4>\n<h5><strong>Dati raccolti<\/strong><\/h5>\n<p>Quando l&#8217;utente stipula un contratto con noi, raccogliamo informazioni che lo identificano, come ad esempio:<br \/>\u2013 Il tuo nome e cognome;<br \/>\u2013 Il tuo indirizzo postale;<br \/>\u2013 Il tuo indirizzo e-mail<\/p>\n<\/p>\n<h4>5. Categorie di destinatari<\/h4>\n<h5>5.1 Subappalto<\/h5>\n<p>Non ci avvaliamo di subappaltatori e fornitori di servizi esterni.<\/p>\n<\/p>\n<h5>5.2 Divulgazione a terzi<\/h5>\n<p>Possiamo trasmettere i vostri dati a terzi se richiesto dalla legge o su richiesta di un&#8217;autorit\u00e0 giudiziaria o amministrativa, per proteggere i nostri diritti o interessi.<\/p>\n<\/p>\n<h4>6. Sicurezza e privacy dei dati<\/h4>\n<p>Abbiamo messo in atto adeguate misure di sicurezza (tecniche e organizzative) in conformit\u00e0 con i requisiti legali e le regole professionali al fine di proteggere i tuoi dati da manipolazioni accidentali o intenzionali, perdita, distruzione, comunicazione o accesso non autorizzato.<\/p>\n<\/p>\n<h4>7. Comunicazioni con l&#8217;estero<\/h4>\n<p>I vostri dati vengono elaborati solo in Svizzera.<br \/>Tuttavia, in caso di trasferimento a terzi stabiliti in paesi che non garantiscono un livello adeguato di protezione dei dati, adotteremo misure di protezione adeguate, come la sottoscrizione di clausole contrattuali standard.<\/p>\n<\/p>\n<h4>8. Diritti dell&#8217;utente<\/h4>\n<p>L&#8217;utente ha la possibilit\u00e0 di richiedere l&#8217;accesso, la rettifica, la trasmissione o la cancellazione dei propri dati personali. Per esercitare i tuoi diritti, ti preghiamo di contattarci utilizzando i dettagli di contatto indicati nella sezione &#8220;Contatti&#8221;.<\/p>\n<\/p>\n<h4>9. Contatti<\/h4>\n<p>In caso di domande sulla presente Informativa, sul trattamento dei dati personali da noi effettuato o per esercitare i propri diritti individuali, si prega di contattarci al seguente indirizzo: <a href=\"mailto:chancellerie@reaatest.ch\" target=\"_blank\" rel=\"noopener\">chancellerie@reaatest.ch<\/a>.<\/p>\n<\/p>\n<h4>10. Aggiornamenti<\/h4>\n<p>La presente Politica pu\u00f2 essere modificata in linea con gli sviluppi legali, operativi e strategici. Eventuali aggiornamenti saranno disponibili su questa stessa pagina. Pertanto, si prega di controllarlo regolarmente.<\/p>\n\t\t\t\t\t\t\t\t<\/div>\n\t\t\t\t<\/div>\n\t\t\t\t<div class=\"elementor-element elementor-element-2bb06c2 elementor-widget elementor-widget-spacer\" data-id=\"2bb06c2\" data-element_type=\"widget\" data-e-type=\"widget\" data-widget_type=\"spacer.default\">\n\t\t\t\t<div class=\"elementor-widget-container\">\n\t\t\t\t\t\t\t<div class=\"elementor-spacer\">\n\t\t\t<div class=\"elementor-spacer-inner\"><\/div>\n\t\t<\/div>\n\t\t\t\t\t\t<\/div>\n\t\t\t\t<\/div>\n\t\t\t\t\t<\/div>\n\t\t\t\t<\/div>\n\t\t\t\t<\/div>\n\t\t","protected":false},"excerpt":{"rendered":"<p>Versione del 05 novembre 2024. L&#8217;organizzazione &#8221; Rite Ecossais Ancien et Accepted &#8221; (REAA), con sede legale in Rue du Petit-Beaulieu 1, CH-1004 Lausanne, informa gli utenti del sito web REAA.ch, attraverso la presente informativa sulla privacy, del trattamento dei dati che effettua in qualit\u00e0 di titolare del trattamento. Producendo effetti sul territorio svizzero, la [&hellip;]<\/p>\n","protected":false},"author":2,"featured_media":0,"parent":4289,"menu_order":0,"comment_status":"closed","ping_status":"closed","template":"","meta":{"footnotes":""},"class_list":["post-4406","page","type-page","status-publish","hentry"],"_links":{"self":[{"href":"https:\/\/reaatest.ch\/it\/wp-json\/wp\/v2\/pages\/4406","targetHints":{"allow":["GET"]}}],"collection":[{"href":"https:\/\/reaatest.ch\/it\/wp-json\/wp\/v2\/pages"}],"about":[{"href":"https:\/\/reaatest.ch\/it\/wp-json\/wp\/v2\/types\/page"}],"author":[{"embeddable":true,"href":"https:\/\/reaatest.ch\/it\/wp-json\/wp\/v2\/users\/2"}],"replies":[{"embeddable":true,"href":"https:\/\/reaatest.ch\/it\/wp-json\/wp\/v2\/comments?post=4406"}],"version-history":[{"count":2,"href":"https:\/\/reaatest.ch\/it\/wp-json\/wp\/v2\/pages\/4406\/revisions"}],"predecessor-version":[{"id":9734,"href":"https:\/\/reaatest.ch\/it\/wp-json\/wp\/v2\/pages\/4406\/revisions\/9734"}],"up":[{"embeddable":true,"href":"https:\/\/reaatest.ch\/it\/wp-json\/wp\/v2\/pages\/4289"}],"wp:attachment":[{"href":"https:\/\/reaatest.ch\/it\/wp-json\/wp\/v2\/media?parent=4406"}],"curies":[{"name":"wp","href":"https:\/\/api.w.org\/{rel}","templated":true}]}}