{"id":4412,"date":"2024-02-06T15:57:25","date_gmt":"2024-02-06T14:57:25","guid":{"rendered":"https:\/\/leprogres.gnsis.ch\/principi\/"},"modified":"2025-01-22T20:54:07","modified_gmt":"2025-01-22T19:54:07","slug":"principi","status":"publish","type":"page","link":"https:\/\/reaatest.ch\/it\/casa\/principi\/","title":{"rendered":"Principi"},"content":{"rendered":"\t\t<div data-elementor-type=\"wp-page\" data-elementor-id=\"4412\" class=\"elementor elementor-4412 elementor-2370\" data-elementor-post-type=\"page\">\n\t\t\t\t<div class=\"elementor-element elementor-element-248be0e8 e-con-full e-flex e-con e-parent\" data-id=\"248be0e8\" data-element_type=\"container\" data-e-type=\"container\">\n\t\t\t\t<div class=\"elementor-element elementor-element-61509e84 elementor-widget elementor-widget-image\" data-id=\"61509e84\" data-element_type=\"widget\" data-e-type=\"widget\" data-widget_type=\"image.default\">\n\t\t\t\t<div class=\"elementor-widget-container\">\n\t\t\t\t\t\t\t\t\t\t\t\t\t\t\t<img decoding=\"async\" src=\"https:\/\/reaatest.ch\/wp-content\/uploads\/elementor\/thumbs\/close-up-young-businessman-walking-upstairs-outside-office-scaled-e1706703897820-r3dqycq0isj7ypcxyxz8e24rid8y8xg0l9sd8b9hhs.jpg\" title=\"Primo piano di un giovane uomo d&#8217;affari che cammina al piano superiore fuori dall&#8217;ufficio.\" alt=\"Primo piano di un giovane uomo d&#039;affari che cammina al piano superiore fuori dall&#039;ufficio.\" loading=\"lazy\" \/>\t\t\t\t\t\t\t\t\t\t\t\t\t\t\t<\/div>\n\t\t\t\t<\/div>\n\t\t\t\t<\/div>\n\t\t<div class=\"elementor-element elementor-element-57658ec8 e-flex e-con-boxed e-con e-parent\" data-id=\"57658ec8\" data-element_type=\"container\" data-e-type=\"container\">\n\t\t\t\t\t<div class=\"e-con-inner\">\n\t\t\t\t<div class=\"elementor-element elementor-element-7c446bea elementor-widget elementor-widget-spacer\" data-id=\"7c446bea\" data-element_type=\"widget\" data-e-type=\"widget\" data-widget_type=\"spacer.default\">\n\t\t\t\t<div class=\"elementor-widget-container\">\n\t\t\t\t\t\t\t<div class=\"elementor-spacer\">\n\t\t\t<div class=\"elementor-spacer-inner\"><\/div>\n\t\t<\/div>\n\t\t\t\t\t\t<\/div>\n\t\t\t\t<\/div>\n\t\t\t\t\t<\/div>\n\t\t\t\t<\/div>\n\t\t<div class=\"elementor-element elementor-element-2a88725b e-con-full e-flex e-con e-parent\" data-id=\"2a88725b\" data-element_type=\"container\" data-e-type=\"container\">\n\t\t\t\t<div class=\"elementor-element elementor-element-78ddab95 elementor-widget elementor-widget-heading\" data-id=\"78ddab95\" data-element_type=\"widget\" data-e-type=\"widget\" data-widget_type=\"heading.default\">\n\t\t\t\t<div class=\"elementor-widget-container\">\n\t\t\t\t\t<h2 class=\"elementor-heading-title elementor-size-default\">Principi del RSAA<\/h2>\t\t\t\t<\/div>\n\t\t\t\t<\/div>\n\t\t\t\t<\/div>\n\t\t<div class=\"elementor-element elementor-element-468162e9 e-flex e-con-boxed e-con e-parent\" data-id=\"468162e9\" data-element_type=\"container\" data-e-type=\"container\">\n\t\t\t\t\t<div class=\"e-con-inner\">\n\t\t\t\t<div class=\"elementor-element elementor-element-1e055fbc elementor-widget elementor-widget-spacer\" data-id=\"1e055fbc\" data-element_type=\"widget\" data-e-type=\"widget\" data-widget_type=\"spacer.default\">\n\t\t\t\t<div class=\"elementor-widget-container\">\n\t\t\t\t\t\t\t<div class=\"elementor-spacer\">\n\t\t\t<div class=\"elementor-spacer-inner\"><\/div>\n\t\t<\/div>\n\t\t\t\t\t\t<\/div>\n\t\t\t\t<\/div>\n\t\t\t\t\t<\/div>\n\t\t\t\t<\/div>\n\t\t<div class=\"elementor-element elementor-element-3af0e789 e-con-full e-flex e-con e-parent\" data-id=\"3af0e789\" data-element_type=\"container\" data-e-type=\"container\">\n\t\t\t\t<div class=\"elementor-element elementor-element-6005bdb7 elementor-widget elementor-widget-text-editor\" data-id=\"6005bdb7\" data-element_type=\"widget\" data-e-type=\"widget\" data-widget_type=\"text-editor.default\">\n\t\t\t\t<div class=\"elementor-widget-container\">\n\t\t\t\t\t\t\t\t\t<p>La Massoneria \u00e8 come un tempio accessibile al genere umano per coltivare allo stesso tempo il senso del dovere, la sincerit\u00e0 delle aspirazioni e la nobilt\u00e0 d&#8217;animo. Sostiene lo sviluppo spirituale e proclama la sua fede nella civilt\u00e0. Si tratta di un sistema di pensiero che, attraverso simboli e conoscenze, ispira i Fratelli Massoni a lavorare per il proprio miglioramento in vista di un mondo migliore.<\/p><p>Il RSAA agisce<\/p><ul><li>alla gloria del Grande Architetto dell&#8217;Universo<\/li><li>secondo la tradizione massonica e<\/li><li>conformemente alla &#8220;Dichiarazione universale dei diritti dell&#8217;uomo&#8221; adottata dall&#8217;Assemblea generale delle Nazioni Unite il 10 dicembre 1948.<\/li><\/ul><p>\u00a0<\/p><p>Il RSAA \u00e8 una scuola di formazione reciproca basata sulla pratica dei rituali e sullo scambio di idee. Ogni membro lavora al proprio miglioramento morale e si sforza di agire in modo esemplare.<\/p><p>L&#8217;approccio personale si basa su:<\/p><ul><li>una vita onorevole, significativa e fraterna in perfetta armonia con i propri simili;<\/li><li>il rafforzamento della propria concezione del mondo e dell&#8217;essere umano.<\/li><\/ul><p>\u00a0<\/p><p>L&#8217;obiettivo generale dei membri del RSAA \u00e8 quello di:<\/p><ul><li>Stabilire un mondo in cui tutti gli esseri umani vivano nel rispetto dei principi di libert\u00e0, dignit\u00e0 umana e tolleranza reciproca.<\/li><\/ul><p>Il RSAA non interferisce nelle controversie politiche o confessionali, ma si aspetta che i suoi membri si impegnino in tutti i settori della vita pubblica.<\/p>\t\t\t\t\t\t\t\t<\/div>\n\t\t\t\t<\/div>\n\t\t\t\t<\/div>\n\t\t<div class=\"elementor-element elementor-element-7a9cc43f e-flex e-con-boxed e-con e-parent\" data-id=\"7a9cc43f\" data-element_type=\"container\" data-e-type=\"container\">\n\t\t\t\t\t<div class=\"e-con-inner\">\n\t\t\t\t<div class=\"elementor-element elementor-element-55359c37 elementor-widget elementor-widget-spacer\" data-id=\"55359c37\" data-element_type=\"widget\" data-e-type=\"widget\" data-widget_type=\"spacer.default\">\n\t\t\t\t<div class=\"elementor-widget-container\">\n\t\t\t\t\t\t\t<div class=\"elementor-spacer\">\n\t\t\t<div class=\"elementor-spacer-inner\"><\/div>\n\t\t<\/div>\n\t\t\t\t\t\t<\/div>\n\t\t\t\t<\/div>\n\t\t\t\t\t<\/div>\n\t\t\t\t<\/div>\n\t\t<div class=\"elementor-element elementor-element-537f03db e-flex e-con-boxed e-con e-parent\" data-id=\"537f03db\" data-element_type=\"container\" data-e-type=\"container\">\n\t\t\t\t\t<div class=\"e-con-inner\">\n\t\t\t\t<div class=\"elementor-element elementor-element-46b0a928 elementor-button-info elementor-align-center elementor-widget elementor-widget-button\" data-id=\"46b0a928\" data-element_type=\"widget\" data-e-type=\"widget\" data-widget_type=\"button.default\">\n\t\t\t\t<div class=\"elementor-widget-container\">\n\t\t\t\t\t\t\t\t\t<div class=\"elementor-button-wrapper\">\n\t\t\t\t\t<a class=\"elementor-button elementor-button-link elementor-size-sm\" href=\"https:\/\/reaatest.ch\/it\/casa\/il-rito-scozzese-antico-e-accettato\/\">\n\t\t\t\t\t\t<span class=\"elementor-button-content-wrapper\">\n\t\t\t\t\t\t\t\t\t<span class=\"elementor-button-text\">Il Rito<\/span>\n\t\t\t\t\t<\/span>\n\t\t\t\t\t<\/a>\n\t\t\t\t<\/div>\n\t\t\t\t\t\t\t\t<\/div>\n\t\t\t\t<\/div>\n\t\t\t\t\t<\/div>\n\t\t\t\t<\/div>\n\t\t<div class=\"elementor-element elementor-element-1c13ee0a e-flex e-con-boxed e-con e-parent\" data-id=\"1c13ee0a\" data-element_type=\"container\" data-e-type=\"container\">\n\t\t\t\t\t<div class=\"e-con-inner\">\n\t\t\t\t<div class=\"elementor-element elementor-element-2ff1ff86 elementor-widget elementor-widget-spacer\" data-id=\"2ff1ff86\" data-element_type=\"widget\" data-e-type=\"widget\" data-widget_type=\"spacer.default\">\n\t\t\t\t<div class=\"elementor-widget-container\">\n\t\t\t\t\t\t\t<div class=\"elementor-spacer\">\n\t\t\t<div class=\"elementor-spacer-inner\"><\/div>\n\t\t<\/div>\n\t\t\t\t\t\t<\/div>\n\t\t\t\t<\/div>\n\t\t\t\t\t<\/div>\n\t\t\t\t<\/div>\n\t\t\t\t<\/div>\n\t\t","protected":false},"excerpt":{"rendered":"<p>Principi del RSAA La Massoneria \u00e8 come un tempio accessibile al genere umano per coltivare allo stesso tempo il senso del dovere, la sincerit\u00e0 delle aspirazioni e la nobilt\u00e0 d&#8217;animo. Sostiene lo sviluppo spirituale e proclama la sua fede nella civilt\u00e0. Si tratta di un sistema di pensiero che, attraverso simboli e conoscenze, ispira i [&hellip;]<\/p>\n","protected":false},"author":2,"featured_media":0,"parent":4289,"menu_order":0,"comment_status":"closed","ping_status":"closed","template":"","meta":{"footnotes":""},"class_list":["post-4412","page","type-page","status-publish","hentry"],"_links":{"self":[{"href":"https:\/\/reaatest.ch\/it\/wp-json\/wp\/v2\/pages\/4412","targetHints":{"allow":["GET"]}}],"collection":[{"href":"https:\/\/reaatest.ch\/it\/wp-json\/wp\/v2\/pages"}],"about":[{"href":"https:\/\/reaatest.ch\/it\/wp-json\/wp\/v2\/types\/page"}],"author":[{"embeddable":true,"href":"https:\/\/reaatest.ch\/it\/wp-json\/wp\/v2\/users\/2"}],"replies":[{"embeddable":true,"href":"https:\/\/reaatest.ch\/it\/wp-json\/wp\/v2\/comments?post=4412"}],"version-history":[{"count":14,"href":"https:\/\/reaatest.ch\/it\/wp-json\/wp\/v2\/pages\/4412\/revisions"}],"predecessor-version":[{"id":11851,"href":"https:\/\/reaatest.ch\/it\/wp-json\/wp\/v2\/pages\/4412\/revisions\/11851"}],"up":[{"embeddable":true,"href":"https:\/\/reaatest.ch\/it\/wp-json\/wp\/v2\/pages\/4289"}],"wp:attachment":[{"href":"https:\/\/reaatest.ch\/it\/wp-json\/wp\/v2\/media?parent=4412"}],"curies":[{"name":"wp","href":"https:\/\/api.w.org\/{rel}","templated":true}]}}