{"id":4475,"date":"2024-01-30T11:35:53","date_gmt":"2024-01-30T10:35:53","guid":{"rendered":"https:\/\/leprogres.gnsis.ch\/il-rito-scozzese-antico-e-accettato\/"},"modified":"2025-01-22T18:52:43","modified_gmt":"2025-01-22T17:52:43","slug":"il-rito-scozzese-antico-e-accettato","status":"publish","type":"page","link":"https:\/\/reaatest.ch\/it\/casa\/il-rito-scozzese-antico-e-accettato\/","title":{"rendered":"Il rito scozzese antico e accettato"},"content":{"rendered":"\t\t<div data-elementor-type=\"wp-page\" data-elementor-id=\"4475\" class=\"elementor elementor-4475 elementor-617\" data-elementor-post-type=\"page\">\n\t\t\t\t<div class=\"elementor-element elementor-element-70185582 e-con-full e-flex e-con e-parent\" data-id=\"70185582\" data-element_type=\"container\" data-e-type=\"container\">\n\t\t\t\t<div class=\"elementor-element elementor-element-691ec1f5 elementor-widget elementor-widget-image\" data-id=\"691ec1f5\" data-element_type=\"widget\" data-e-type=\"widget\" data-widget_type=\"image.default\">\n\t\t\t\t<div class=\"elementor-widget-container\">\n\t\t\t\t\t\t\t\t\t\t\t\t\t\t\t<img decoding=\"async\" src=\"https:\/\/reaatest.ch\/wp-content\/uploads\/elementor\/thumbs\/REAA_1-scaled-r3dr03p78oxfkktgr778j48nb6mjkne15xhwduo3ww.jpg\" title=\"Golden sword embedded in a stone, legendary myth, 3D illustration\" alt=\"Golden sword embedded in a stone, legendary myth, 3D illustration\" loading=\"lazy\" \/>\t\t\t\t\t\t\t\t\t\t\t\t\t\t\t<\/div>\n\t\t\t\t<\/div>\n\t\t\t\t<\/div>\n\t\t<div class=\"elementor-element elementor-element-5edfd78f e-flex e-con-boxed e-con e-parent\" data-id=\"5edfd78f\" data-element_type=\"container\" data-e-type=\"container\">\n\t\t\t\t\t<div class=\"e-con-inner\">\n\t\t\t\t<div class=\"elementor-element elementor-element-62d4f1da elementor-widget elementor-widget-spacer\" data-id=\"62d4f1da\" data-element_type=\"widget\" data-e-type=\"widget\" data-widget_type=\"spacer.default\">\n\t\t\t\t<div class=\"elementor-widget-container\">\n\t\t\t\t\t\t\t<div class=\"elementor-spacer\">\n\t\t\t<div class=\"elementor-spacer-inner\"><\/div>\n\t\t<\/div>\n\t\t\t\t\t\t<\/div>\n\t\t\t\t<\/div>\n\t\t\t\t\t<\/div>\n\t\t\t\t<\/div>\n\t\t<div class=\"elementor-element elementor-element-32874282 e-con-full e-flex e-con e-parent\" data-id=\"32874282\" data-element_type=\"container\" data-e-type=\"container\">\n\t\t\t\t<div class=\"elementor-element elementor-element-4c5ff285 elementor-widget elementor-widget-heading\" data-id=\"4c5ff285\" data-element_type=\"widget\" data-e-type=\"widget\" data-widget_type=\"heading.default\">\n\t\t\t\t<div class=\"elementor-widget-container\">\n\t\t\t\t\t<h2 class=\"elementor-heading-title elementor-size-default\">Rito Scozzese Antico ed Accettato<\/h2>\t\t\t\t<\/div>\n\t\t\t\t<\/div>\n\t\t\t\t<\/div>\n\t\t<div class=\"elementor-element elementor-element-148bdef6 e-flex e-con-boxed e-con e-parent\" data-id=\"148bdef6\" data-element_type=\"container\" data-e-type=\"container\">\n\t\t\t\t\t<div class=\"e-con-inner\">\n\t\t\t\t<div class=\"elementor-element elementor-element-156b3acd elementor-widget elementor-widget-spacer\" data-id=\"156b3acd\" data-element_type=\"widget\" data-e-type=\"widget\" data-widget_type=\"spacer.default\">\n\t\t\t\t<div class=\"elementor-widget-container\">\n\t\t\t\t\t\t\t<div class=\"elementor-spacer\">\n\t\t\t<div class=\"elementor-spacer-inner\"><\/div>\n\t\t<\/div>\n\t\t\t\t\t\t<\/div>\n\t\t\t\t<\/div>\n\t\t\t\t\t<\/div>\n\t\t\t\t<\/div>\n\t\t<div class=\"elementor-element elementor-element-6d94bc31 e-con-full e-flex e-con e-parent\" data-id=\"6d94bc31\" data-element_type=\"container\" data-e-type=\"container\">\n\t\t\t\t<div class=\"elementor-element elementor-element-aa70cc9 elementor-widget__width-initial elementor-widget elementor-widget-text-editor\" data-id=\"aa70cc9\" data-element_type=\"widget\" data-e-type=\"widget\" data-widget_type=\"text-editor.default\">\n\t\t\t\t<div class=\"elementor-widget-container\">\n\t\t\t\t\t\t\t\t\t<p><span style=\"color: #da291c;\"><strong>Perch\u00e9 <em>antico <\/em>?<\/strong><\/span> Con questo termine si intende la Gran Loggia degli &#8220;Antichi&#8221; che praticava in Scozia e in Irlanda una Massoneria che differiva da quella inglese chiamata &#8220;Moderns&#8221;. Cos\u00ec fu costituita nel 1753 la &#8220;Gran Loggia dei Massoni Liberi e Accettati secondo le Antiche Istituzioni&#8221;, conosciuta come la <em>Gran Loggia degli Antichi<\/em>. Il suddetto Rito testimonia la volont\u00e0 di tornare alle antiche usanze care agli scozzesi, cos\u00ec come agli irlandesi, attorno a Laurence Dermott (1720-1791, scrittore irlandese, Gran Segretario della Gran Loggia degli Anziani).<\/p><p><strong><span style=\"color: #da291c;\">Perch\u00e9 <em>accettato <\/em>?<\/span><\/strong> Si tratta dell&#8217;accettazione nelle Logge simboliche di membri esterni all&#8217;Arte (quelli &#8220;dell&#8217;Arte&#8221; si dicono <em>operativi<\/em>), <em>quindi di Massoni speculativi<\/em>.<\/p><p><strong><span style=\"color: #da291c;\">Perch\u00e9 scozzese?<\/span><\/strong> Per distinguersi dal concorrente sistema inglese, nato in Scozia e apparso in Francia nei circoli stuartisti che si erano rifugiati a Saint-Germain-en-Laye alla fine del XVII secolo. Essi crearono in Francia le Logge che furono all&#8217;origine della Gran Loggia Provinciale di Francia nel 1736. Lo scozzesismo, a dispetto del nome, \u00e8 nato in Francia nella seconda met\u00e0 del XVIII secolo.<\/p><h4>Le premesse<\/h4><p>Le premesse del Rito sono imprecise perch\u00e9 probabilmente provengono da varie fonti. Ciononostante, possiamo tracciare alcuni parametri di riferimento.<\/p><p>Intorno al 1740 in Francia apparve un Grado superiore al 3\u00b0 Grado, quello di Maestro Scozzese, chiamato anche Maestro Perfetto.<\/p><p>Nel 1745 fu fondata a Bordeaux una Loggia dei Maestri Scozzesi, che riceveva solo ex Maestri Venerabili (presidenti delle Logge dei primi tre Gradi, conosciute come le <em>Logge<\/em> <em>di San Giovanni<\/em>, blu o <em>simboliche<\/em>). Assomigliava molto a quella che ora chiamiamo <em>una Loggia di Perfezione<\/em> (Gradi da 4 a 14 del RSAA). Il Conte di Clermont (Gran Maestro della prima Gran Loggia di Francia dal 1743 al 1771) cre\u00f2 poi un Rito a 25 Gradi.<\/p><p>Anche se la paternit\u00e0 del Cavaliere di Ramsay nel processo di fondazione della Scozia \u00e8 molto discutibile, non possiamo ignorare che il suo famoso discorso del 1736 introdusse una vera e propria ispirazione cavalleresca. La Massoneria scozzese e speculativa ne \u00e8 fortemente impregnata. Secondo Ramsay, le crociate e la costruzione di cattedrali furono la fonte di tutto ci\u00f2.<\/p><h4><span style=\"color: #da291c;\">Lo spirito del Rito Scozzese Antico ed Accettato<\/span><\/h4><p>Nella prospettiva ideale di avvicinarsi al Principio creativo (che alcuni chiamano <em>Unit\u00e0 Primordiale<\/em>, altri <em>Verit\u00e0<\/em>, o <em>Essere<\/em>&#8230;), il Rito propone all&#8217;Iniziato una progressione per <em>Gradi, o Gradi<\/em>, livelli di conoscenza che, sostenuti da rituali, scambi, studio, fraternit\u00e0, azione&#8230; lo condurr\u00e0 a poco a poco, ognuno al proprio ritmo, alla porta della Conoscenza.<\/p><p><span style=\"color: #da291c;\"><strong>Conoscenza di s\u00e9<\/strong><\/span>, prima di tutto, attraverso l&#8217;introspezione, per comprendere meglio il mondo e il ruolo che ogni persona dovrebbe svolgere in esso. <em>Fai ci\u00f2 che devi, qualunque cosa accada, <\/em>\u00e8 uno dei motti cari al nostro Rito.<\/p><p><strong>Fraternit\u00e0:<\/strong> l&#8217;essenza del cammino iniziatico non pu\u00f2 essere fatta da soli. L&#8217;ascolto degli altri, la tolleranza, il rispetto, la condivisione di idee ed esperienze sono tutti modi per raggiungere una forma di illuminazione o un livello pi\u00f9 elevato di coscienza. Il cemento di questa fraternit\u00e0, il comune denominatore, ci\u00f2 che unisce i massoni di tutto il mondo, \u00e8 l&#8217;esperienza unica dell&#8217;iniziazione.<\/p><p><span style=\"color: #da291c;\"><strong>Azione:<\/strong><\/span> il RSAA chiede all&#8217;Iniziato di assumere un impegno autentico per mettere in pratica nella sua vita profana i valori acquisiti durante il lavoro massonico.<\/p><p>Il RSAA gli offre una missione che inizia con il grado di apprendista, poi compagno e maestro e si estende fino al 33\u00b0. Durante una lenta progressione egli incontrer\u00e0<strong> le diverse tradizioni che strutturano il Rito:<\/strong><\/p><ul><li>egiziana (ad esempio, attraverso l&#8217;ermetismo),<\/li><li>greca (pitagorismo),<\/li><li>ebraica (la Cabala),<\/li><li>(Gnosi),<\/li><li>e soprattutto cavalleresca (influenze templari).<\/li><\/ul><p>L&#8217;Islam, il Buddismo, il Taoismo, lo Zoroastrismo, cos\u00ec come le grandi correnti filosofiche, le scienze, l&#8217;alchimia, hanno permeato anche i nostri rituali.<\/p><p>L&#8217;Iniziato inizia <span style=\"color: #da291c;\"><strong>una ricerca spirituale<\/strong><\/span> che trascende gradualmente il suo individuo e lo eleva il pi\u00f9 possibile all&#8217;Assoluto, verso quell&#8217;intelligenza che viene designata come <em>il Principio \u2013 <\/em>di cui abbiamo parlato sopra \u2013 tentando una riconciliazione tra materia e spirito. <em>Per spiritualizzare la materia e materializzare lo spirito, <\/em>per usare la formula consacrata dal tempo.<\/p><p>Il metodo scozzese si basa su una concezione ternaria dell&#8217;uomo: corpo, anima e spirito (rispettivamente sale, zolfo e mercurio degli alchimisti). I viaggi dell&#8217;Iniziato lo portano a successive purificazioni, attraverso stadi di destrutturazione e poi di ristrutturazione. La moltitudine di rituali, simboli, storie mitologiche o storiche, permette a ciascuno di<strong> trovare la propria strada<\/strong> verso l&#8217;indicibile Verit\u00e0.<\/p><p>Il sistema dei &#8220;Alti Gradi&#8221; (gradi dal 4 al 33) fornisce \u2013 tra l&#8217;altro \u2013 <strong><span style=\"color: #da291c;\">chiavi<\/span><\/strong> di lettura che permettono di affinare la comprensione, spesso intuitiva, dell&#8217;iniziazione al 1\u00b0 Grado (quello di Apprendista), della cerimonia di promozione al 2\u00b0 (Compagno), e dell&#8217;elevazione al 3\u00b0 (Maestro).<\/p><p>Il RSAA si definisce quindi <strong><span style=\"color: #da291c;\">come un Ordine iniziatico<\/span><\/strong>, tradizionale e cavalleresco, a vocazione universalista. Si basa sull&#8217;intuizione dell&#8217;esistenza di un potere supremo chiamato il <em>Grande Architetto dell&#8217;Universo<\/em><em style=\"font-style: italic;\">, <\/em>che ognuno pu\u00f2 definire come vuole.<\/p><p>Il RSAA concepisce la Massoneria come una societ\u00e0 il cui oggetto \u00e8 lo sviluppo armonioso della famiglia umana in generale, e di ogni singolo uomo. La pratica dei rituali lo porta a una calma interiore che pu\u00f2 portare a sua volta a una sorta di <strong>liberazione<\/strong>. Questa serenit\u00e0, questa saggezza, ha tutte le possibilit\u00e0 di irradiarsi, di diffondersi a coloro che lo circondano.<\/p><p>Il lavoro massonico si basa sulla perfezione dell&#8217;Iniziato, sulla sua comprensione del mondo, sulla comprensione dei suoi misteri, attraverso una messa in discussione delle sue origini e dei suoi presunti disegni, una domanda che viene descritta come <em>esistenziale,<\/em> e che pu\u00f2 essere riassunta cos\u00ec: <strong><span style=\"color: #da291c;\">da dove vengo, chi sono, dove sto andando?<\/span><\/strong><\/p><p><em>Essa<\/em> (il RSAA) <em>non interferisce nelle controversie politiche o religiose <\/em>(4\u00b0 Principio della Costituzione del Rito).<\/p><p>6\u00b0 Principio della Gran Loggia di Svizzera Alpina da cui provengono tutti i membri del Rito: <em>La Loggia \u00e8 un ambiente pacifico e neutro in cui le passioni umane non devono avere accesso<\/em><em>. La Loggia non si intromette nelle questioni e controversie <span style=\"color: #ff0000;\">politiche o religiose<\/span>. Ci\u00f2 nondimeno uno scambio di opinioni su questi temi \u00e8 permesso, ma quste discussioni non potrenno mai essereoggetto di una votazione n\u00e9 potranno portare a decisioni che siano di ostacolo all\u2019indipendenza dei membri.<\/em><\/p><p>Questo non significa che il massone debba condurre una vita da eremita, al contrario. Attraverso il suo lavoro interiore, la distanta dall&#8217;evento, la saggezza acquisita attraverso lo studio e la riflessione, la coltivazione dello spirito di fraternit\u00e0, egli pu\u00f2 mettersi in gioco a titolo personale, ed essere un esempio nel mondo cosiddetto <em>profano<\/em>.<\/p><h4><span style=\"color: #da291c;\">Struttura del Rito<\/span><\/h4><p>Dopo i primi tre Gradi delle <em>cosiddette<\/em> Logge <em>Blu o Simboliche<\/em>, o <em>di San Giovanni<\/em> (Apprendista, Compagno, Maestro), incontriamo<\/p><ul><li>le Logge di Perfezione, Gradi da 4 a 14,<\/li><li>Capitoli, gradi da 15 a 18;<\/li><li>l&#8217;Areopago (Gradi da 19 a 30);<\/li><li>il Concistoro (Gradi 31 e 32) diviso in due entit\u00e0, una di lingua francese, l&#8217;altra di lingua tedesca.<\/li><li>Il Gran Consiglio (33\u00b0 Grado), composto da 99 Sovrani Grandi Ispettori Generali attivi di cui 33 membri per<\/li><li>Il Consiglio Supremo (33\u00b0 Grado)<\/li><\/ul><h4><span style=\"color: #da291c;\">Titoli e gerarchia<\/span><\/h4><p>I successivi primi nove sono membri del Collegio, il &#8220;potere esecutivo&#8221; del Rito, per cos\u00ec dire. Durante una cerimonia, entrano in ordine inverso; tuttavia, escono nel seguente ordine:<\/p><ol><li>Potentissimo Sovrano Gran Commendatore<\/li><li>Illustrissimo Luogotenente Gran Commendatore<\/li><li>Illustrissimo Gran Cancelliere<\/li><li>Illustrissimo Gran Tesoriere<\/li><li>Illustrissimo Grande Oratore di lingua francese<\/li><li>Illustrissimo Grande Oratore di lingua Tedesca<\/li><li>Illustrissimo Grande Oratore di lingua italiana<\/li><li>Illustrissimo gran maestro delle Cerimonie<\/li><li>Illustrissimo Capitano delle Guardie<\/li><\/ol><p>e, infine, i Membri Pi\u00f9 Illustri del Collegio che sono:<\/p><ul><li>Illustrissimi Grandi Commendatori d&#8217;Onore<\/li><li>Illustrissimi Membri Onorari del Supremo Consiglio<\/li><li>Illustri Membri del Supremo Consiglio<\/li><li>Illustri Membri Onorari del Supremo Consiglio<\/li><\/ul>\t\t\t\t\t\t\t\t<\/div>\n\t\t\t\t<\/div>\n\t\t\t\t<\/div>\n\t\t<div class=\"elementor-element elementor-element-94a61cd e-flex e-con-boxed e-con e-parent\" data-id=\"94a61cd\" data-element_type=\"container\" data-e-type=\"container\">\n\t\t\t\t\t<div class=\"e-con-inner\">\n\t\t\t\t<div class=\"elementor-element elementor-element-457f30b5 elementor-widget elementor-widget-spacer\" data-id=\"457f30b5\" data-element_type=\"widget\" data-e-type=\"widget\" data-widget_type=\"spacer.default\">\n\t\t\t\t<div class=\"elementor-widget-container\">\n\t\t\t\t\t\t\t<div class=\"elementor-spacer\">\n\t\t\t<div class=\"elementor-spacer-inner\"><\/div>\n\t\t<\/div>\n\t\t\t\t\t\t<\/div>\n\t\t\t\t<\/div>\n\t\t\t\t\t<\/div>\n\t\t\t\t<\/div>\n\t\t<div class=\"elementor-element elementor-element-5743ea5c e-flex e-con-boxed e-con e-parent\" data-id=\"5743ea5c\" data-element_type=\"container\" data-e-type=\"container\">\n\t\t\t\t\t<div class=\"e-con-inner\">\n\t\t\t\t<div class=\"elementor-element elementor-element-63b1b480 elementor-button-info elementor-align-center elementor-widget elementor-widget-button\" data-id=\"63b1b480\" data-element_type=\"widget\" data-e-type=\"widget\" data-widget_type=\"button.default\">\n\t\t\t\t<div class=\"elementor-widget-container\">\n\t\t\t\t\t\t\t\t\t<div class=\"elementor-button-wrapper\">\n\t\t\t\t\t<a class=\"elementor-button elementor-button-link elementor-size-sm\" href=\"https:\/\/reaatest.ch\/it\/casa\/accedi-al-rito\/\">\n\t\t\t\t\t\t<span class=\"elementor-button-content-wrapper\">\n\t\t\t\t\t\t\t\t\t<span class=\"elementor-button-text\">Accedi al Rito<\/span>\n\t\t\t\t\t<\/span>\n\t\t\t\t\t<\/a>\n\t\t\t\t<\/div>\n\t\t\t\t\t\t\t\t<\/div>\n\t\t\t\t<\/div>\n\t\t\t\t\t<\/div>\n\t\t\t\t<\/div>\n\t\t<div class=\"elementor-element elementor-element-6154e6d0 e-flex e-con-boxed e-con e-parent\" data-id=\"6154e6d0\" data-element_type=\"container\" data-e-type=\"container\">\n\t\t\t\t\t<div class=\"e-con-inner\">\n\t\t\t\t<div class=\"elementor-element elementor-element-1015f66c elementor-widget elementor-widget-spacer\" data-id=\"1015f66c\" data-element_type=\"widget\" data-e-type=\"widget\" data-widget_type=\"spacer.default\">\n\t\t\t\t<div class=\"elementor-widget-container\">\n\t\t\t\t\t\t\t<div class=\"elementor-spacer\">\n\t\t\t<div class=\"elementor-spacer-inner\"><\/div>\n\t\t<\/div>\n\t\t\t\t\t\t<\/div>\n\t\t\t\t<\/div>\n\t\t\t\t\t<\/div>\n\t\t\t\t<\/div>\n\t\t\t\t<\/div>\n\t\t","protected":false},"excerpt":{"rendered":"<p>Rito Scozzese Antico ed Accettato Perch\u00e9 antico ? Con questo termine si intende la Gran Loggia degli &#8220;Antichi&#8221; che praticava in Scozia e in Irlanda una Massoneria che differiva da quella inglese chiamata &#8220;Moderns&#8221;. Cos\u00ec fu costituita nel 1753 la &#8220;Gran Loggia dei Massoni Liberi e Accettati secondo le Antiche Istituzioni&#8221;, conosciuta come la Gran [&hellip;]<\/p>\n","protected":false},"author":2,"featured_media":0,"parent":4289,"menu_order":0,"comment_status":"closed","ping_status":"closed","template":"","meta":{"footnotes":""},"class_list":["post-4475","page","type-page","status-publish","hentry"],"_links":{"self":[{"href":"https:\/\/reaatest.ch\/it\/wp-json\/wp\/v2\/pages\/4475","targetHints":{"allow":["GET"]}}],"collection":[{"href":"https:\/\/reaatest.ch\/it\/wp-json\/wp\/v2\/pages"}],"about":[{"href":"https:\/\/reaatest.ch\/it\/wp-json\/wp\/v2\/types\/page"}],"author":[{"embeddable":true,"href":"https:\/\/reaatest.ch\/it\/wp-json\/wp\/v2\/users\/2"}],"replies":[{"embeddable":true,"href":"https:\/\/reaatest.ch\/it\/wp-json\/wp\/v2\/comments?post=4475"}],"version-history":[{"count":32,"href":"https:\/\/reaatest.ch\/it\/wp-json\/wp\/v2\/pages\/4475\/revisions"}],"predecessor-version":[{"id":11845,"href":"https:\/\/reaatest.ch\/it\/wp-json\/wp\/v2\/pages\/4475\/revisions\/11845"}],"up":[{"embeddable":true,"href":"https:\/\/reaatest.ch\/it\/wp-json\/wp\/v2\/pages\/4289"}],"wp:attachment":[{"href":"https:\/\/reaatest.ch\/it\/wp-json\/wp\/v2\/media?parent=4475"}],"curies":[{"name":"wp","href":"https:\/\/api.w.org\/{rel}","templated":true}]}}