{"id":9978,"date":"2024-11-05T22:53:28","date_gmt":"2024-11-05T21:53:28","guid":{"rendered":"https:\/\/leprogres.gnsis.ch\/casa\/accedi-al-rito\/"},"modified":"2025-01-22T18:50:34","modified_gmt":"2025-01-22T17:50:34","slug":"accedi-al-rito","status":"publish","type":"page","link":"https:\/\/reaatest.ch\/it\/casa\/accedi-al-rito\/","title":{"rendered":"Accedi al Rito"},"content":{"rendered":"\t\t<div data-elementor-type=\"wp-page\" data-elementor-id=\"9978\" class=\"elementor elementor-9978 elementor-9826\" data-elementor-post-type=\"page\">\n\t\t\t\t<div class=\"elementor-element elementor-element-0c81e47 e-con-full e-flex e-con e-parent\" data-id=\"0c81e47\" data-element_type=\"container\" data-e-type=\"container\">\n\t\t\t\t<div class=\"elementor-element elementor-element-278873c elementor-widget elementor-widget-image\" data-id=\"278873c\" data-element_type=\"widget\" data-e-type=\"widget\" data-widget_type=\"image.default\">\n\t\t\t\t<div class=\"elementor-widget-container\">\n\t\t\t\t\t\t\t\t\t\t\t\t\t\t\t<img decoding=\"async\" src=\"https:\/\/reaatest.ch\/wp-content\/uploads\/elementor\/thumbs\/DevenirFM1-scaled-r3dr03p78oxfkktgr778j48nb6mjkne15xhwduo3ww.jpg\" title=\"Un&#8217;inquadratura ravvicinata di una persona che bussa alla porta con un vecchio battipanni\" alt=\"Un&#039;inquadratura ravvicinata di una persona che bussa alla porta con un vecchio battipanni\" loading=\"lazy\" \/>\t\t\t\t\t\t\t\t\t\t\t\t\t\t\t<\/div>\n\t\t\t\t<\/div>\n\t\t\t\t<div class=\"elementor-element elementor-element-7487a41 elementor-widget elementor-widget-spacer\" data-id=\"7487a41\" data-element_type=\"widget\" data-e-type=\"widget\" data-widget_type=\"spacer.default\">\n\t\t\t\t<div class=\"elementor-widget-container\">\n\t\t\t\t\t\t\t<div class=\"elementor-spacer\">\n\t\t\t<div class=\"elementor-spacer-inner\"><\/div>\n\t\t<\/div>\n\t\t\t\t\t\t<\/div>\n\t\t\t\t<\/div>\n\t\t\t\t<\/div>\n\t\t<div class=\"elementor-element elementor-element-72cee06 e-con-full e-flex e-con e-parent\" data-id=\"72cee06\" data-element_type=\"container\" data-e-type=\"container\">\n\t\t\t\t<div class=\"elementor-element elementor-element-7e16d2c elementor-widget elementor-widget-heading\" data-id=\"7e16d2c\" data-element_type=\"widget\" data-e-type=\"widget\" data-widget_type=\"heading.default\">\n\t\t\t\t<div class=\"elementor-widget-container\">\n\t\t\t\t\t<h2 class=\"elementor-heading-title elementor-size-default\">Diventa Massone, accedi al Rito<\/h2>\t\t\t\t<\/div>\n\t\t\t\t<\/div>\n\t\t\t\t<\/div>\n\t\t<div class=\"elementor-element elementor-element-d9827a5 e-con-full e-flex e-con e-parent\" data-id=\"d9827a5\" data-element_type=\"container\" data-e-type=\"container\">\n\t\t\t\t<div class=\"elementor-element elementor-element-1ab4b13 elementor-widget elementor-widget-spacer\" data-id=\"1ab4b13\" data-element_type=\"widget\" data-e-type=\"widget\" data-widget_type=\"spacer.default\">\n\t\t\t\t<div class=\"elementor-widget-container\">\n\t\t\t\t\t\t\t<div class=\"elementor-spacer\">\n\t\t\t<div class=\"elementor-spacer-inner\"><\/div>\n\t\t<\/div>\n\t\t\t\t\t\t<\/div>\n\t\t\t\t<\/div>\n\t\t\t\t<div class=\"elementor-element elementor-element-b18a138 elementor-widget elementor-widget-text-editor\" data-id=\"b18a138\" data-element_type=\"widget\" data-e-type=\"widget\" data-widget_type=\"text-editor.default\">\n\t\t\t\t<div class=\"elementor-widget-container\">\n\t\t\t\t\t\t\t\t\t<p>Per <span style=\"color: #ff0000;\">diventare massoni<\/span> e quindi entrare nel Rito (Rito Scozzese Antico e Accettato della Svizzera, Gradi dal 4\u00b0 al 33\u00b0), \u00e8 necessario essere membri di una Loggia massonica appartenete alla Gran Loggia Svizzera Alpina (GLSA) ed avere raggiunto il Grado di Maestro (3\u00b0) da almeno un anno.<\/p>\t\t\t\t\t\t\t\t<\/div>\n\t\t\t\t<\/div>\n\t\t\t\t<\/div>\n\t\t<div class=\"elementor-element elementor-element-cad67d1 e-grid e-con-full e-con e-parent\" data-id=\"cad67d1\" data-element_type=\"container\" data-e-type=\"container\">\n\t\t\t\t<div class=\"elementor-element elementor-element-f388d58 elementor-widget elementor-widget-image\" data-id=\"f388d58\" data-element_type=\"widget\" data-e-type=\"widget\" data-widget_type=\"image.default\">\n\t\t\t\t<div class=\"elementor-widget-container\">\n\t\t\t\t\t\t\t\t\t\t\t\t\t\t\t\t<a href=\"https:\/\/freimaurerei.ch\/fr\/\">\n\t\t\t\t\t\t\t<img decoding=\"async\" width=\"150\" height=\"150\" src=\"https:\/\/reaatest.ch\/wp-content\/uploads\/2024\/10\/SGLA-Logo-150x150.png\" class=\"attachment-thumbnail size-thumbnail wp-image-8801\" alt=\"\" \/>\t\t\t\t\t\t\t\t<\/a>\n\t\t\t\t\t\t\t\t\t\t\t\t\t\t\t<\/div>\n\t\t\t\t<\/div>\n\t\t\t\t<div class=\"elementor-element elementor-element-509c0ce elementor-widget elementor-widget-text-editor\" data-id=\"509c0ce\" data-element_type=\"widget\" data-e-type=\"widget\" data-widget_type=\"text-editor.default\">\n\t\t\t\t<div class=\"elementor-widget-container\">\n\t\t\t\t\t\t\t\t\t<p>\u00c8 quindi necessario essere stati iniziati alla Massoneria. Come si fa a candidarsi? Contattando un massone, o la <a href=\"https:\/\/freimaurerei.ch\/it\/\">GLSA<\/a>, o una Loggia GLSA<\/p><ul><li><a href=\"https:\/\/freimaurerei.ch\/it\/lista-delle-logge\/\" target=\"_blank\" rel=\"noopener\">Lista delle logge Svizzere<\/a><\/li><li><a href=\"https:\/\/freimaurerei.ch\/it\/panoramica-geografica\/\" target=\"_blank\" rel=\"noopener\">Geolocalizzazione dei logge<\/a><\/li><\/ul>\t\t\t\t\t\t\t\t<\/div>\n\t\t\t\t<\/div>\n\t\t\t\t<\/div>\n\t\t<div class=\"elementor-element elementor-element-1777d9a e-con-full e-flex e-con e-parent\" data-id=\"1777d9a\" data-element_type=\"container\" data-e-type=\"container\">\n\t\t\t\t<div class=\"elementor-element elementor-element-45e90c6 elementor-widget elementor-widget-spacer\" data-id=\"45e90c6\" data-element_type=\"widget\" data-e-type=\"widget\" data-widget_type=\"spacer.default\">\n\t\t\t\t<div class=\"elementor-widget-container\">\n\t\t\t\t\t\t\t<div class=\"elementor-spacer\">\n\t\t\t<div class=\"elementor-spacer-inner\"><\/div>\n\t\t<\/div>\n\t\t\t\t\t\t<\/div>\n\t\t\t\t<\/div>\n\t\t\t\t<div class=\"elementor-element elementor-element-f894ffb elementor-widget elementor-widget-text-editor\" data-id=\"f894ffb\" data-element_type=\"widget\" data-e-type=\"widget\" data-widget_type=\"text-editor.default\">\n\t\t\t\t<div class=\"elementor-widget-container\">\n\t\t\t\t\t\t\t\t\t<p>Da l\u00ec pu\u00f2 iniziare la <span style=\"color: #ff0000;\">procedura di ammissione<\/span>. Si tratta di un processo relativamente lungo e complesso: curriculum vitae, lettera di motivazione, estratto del casellario giudiziario, incontri con i membri della Loggia (richieste di informazioni), incontro con l&#8217;intera Loggia (passaggio \u201csotto le insegne\u201d) o solo con una parte di essa (commissione delle candidature).<\/p>\n<p>Il motivo per cui questa procedura \u00e8 cos\u00ec complessa \u00e8 di evitare, per quanto possibile, che i candidati prendano una strada che non \u00e8 di loro gradimento.<\/p>\n<p>Per lasciare la Massoneria, invece, niente di pi\u00f9 semplice: basta una lettera di dimissioni. Non \u00e8 nemmeno necessario giustificare la propria decisione.<\/p>\n<p><span style=\"color: #ff0000;\">Dopo i primi tre gradi<\/span> (Apprendista, Compagno, Maestro) delle cosiddette Logge \u201cblu\u201d a un Fratello che dimostri un particolare desiderio di consolidare le proprie conoscenze e di acquisire nuovi approfondimenti pu\u00f2 essere offerta la possibilit\u00e0 di entrare in un Capitolo (gradi dal 4\u00b0 al 18\u00b0 del Rito), poi in un Areopago (dal 19\u00b0 al 30\u00b0) e infine in un Concistoro (dal 31\u00b0 al 32\u00b0).<\/p>\n<p><em>Il RSAA non impone limiti alla libera ricerca della verit\u00e0 e, per garantire questa libert\u00e0 a tutti, esige da tutti la tolleranza<\/em> (4\u00b0 principio del RSAA di Svizzera).<\/p>\n<p>Le tappe fondamentali del programma RSAA sono sette: gradi 1 &#8211; 2 \u2013 3 (le logge \u00ab blu \u00bb) &#8211; 18 &#8211; 30 &#8211; 32 \u2013 33 (le logge \u00ab rosse \u00bb).<\/p>\n<p>Ci vuole almeno un anno per passare da 3 a 18, due anni da 18 a 30, lo stesso numero di anni da 30 a 32 e da 32 a 33. Tuttavia, non \u00e8 mai consigliabile affrettare i tempi.<\/p>\n<p>I cosiddetti gradi intermedi sono oggetto di una semplice comunicazione, a volte con una cerimonia speciale.<\/p>\t\t\t\t\t\t\t\t<\/div>\n\t\t\t\t<\/div>\n\t\t\t\t<\/div>\n\t\t<div class=\"elementor-element elementor-element-39ee705 e-flex e-con-boxed e-con e-parent\" data-id=\"39ee705\" data-element_type=\"container\" data-e-type=\"container\">\n\t\t\t\t\t<div class=\"e-con-inner\">\n\t\t\t\t<div class=\"elementor-element elementor-element-61d9436 elementor-widget elementor-widget-spacer\" data-id=\"61d9436\" data-element_type=\"widget\" data-e-type=\"widget\" data-widget_type=\"spacer.default\">\n\t\t\t\t<div class=\"elementor-widget-container\">\n\t\t\t\t\t\t\t<div class=\"elementor-spacer\">\n\t\t\t<div class=\"elementor-spacer-inner\"><\/div>\n\t\t<\/div>\n\t\t\t\t\t\t<\/div>\n\t\t\t\t<\/div>\n\t\t\t\t<div class=\"elementor-element elementor-element-62f51e7 elementor-button-info elementor-align-center elementor-widget elementor-widget-button\" data-id=\"62f51e7\" data-element_type=\"widget\" data-e-type=\"widget\" data-widget_type=\"button.default\">\n\t\t\t\t<div class=\"elementor-widget-container\">\n\t\t\t\t\t\t\t\t\t<div class=\"elementor-button-wrapper\">\n\t\t\t\t\t<a class=\"elementor-button elementor-button-link elementor-size-sm\" href=\"https:\/\/reaatest.ch\/it\/casa\/organizzazione\/\">\n\t\t\t\t\t\t<span class=\"elementor-button-content-wrapper\">\n\t\t\t\t\t\t\t\t\t<span class=\"elementor-button-text\">RSAA Svizzera<\/span>\n\t\t\t\t\t<\/span>\n\t\t\t\t\t<\/a>\n\t\t\t\t<\/div>\n\t\t\t\t\t\t\t\t<\/div>\n\t\t\t\t<\/div>\n\t\t\t\t<div class=\"elementor-element elementor-element-3e7813f elementor-widget elementor-widget-spacer\" data-id=\"3e7813f\" data-element_type=\"widget\" data-e-type=\"widget\" data-widget_type=\"spacer.default\">\n\t\t\t\t<div class=\"elementor-widget-container\">\n\t\t\t\t\t\t\t<div class=\"elementor-spacer\">\n\t\t\t<div class=\"elementor-spacer-inner\"><\/div>\n\t\t<\/div>\n\t\t\t\t\t\t<\/div>\n\t\t\t\t<\/div>\n\t\t\t\t\t<\/div>\n\t\t\t\t<\/div>\n\t\t\t\t<\/div>\n\t\t","protected":false},"excerpt":{"rendered":"<p>Diventa Massone, accedi al Rito Per diventare massoni e quindi entrare nel Rito (Rito Scozzese Antico e Accettato della Svizzera, Gradi dal 4\u00b0 al 33\u00b0), \u00e8 necessario essere membri di una Loggia massonica appartenete alla Gran Loggia Svizzera Alpina (GLSA) ed avere raggiunto il Grado di Maestro (3\u00b0) da almeno un anno. \u00c8 quindi necessario [&hellip;]<\/p>\n","protected":false},"author":2337,"featured_media":0,"parent":4289,"menu_order":1,"comment_status":"closed","ping_status":"closed","template":"","meta":{"footnotes":""},"class_list":["post-9978","page","type-page","status-publish","hentry"],"_links":{"self":[{"href":"https:\/\/reaatest.ch\/it\/wp-json\/wp\/v2\/pages\/9978","targetHints":{"allow":["GET"]}}],"collection":[{"href":"https:\/\/reaatest.ch\/it\/wp-json\/wp\/v2\/pages"}],"about":[{"href":"https:\/\/reaatest.ch\/it\/wp-json\/wp\/v2\/types\/page"}],"author":[{"embeddable":true,"href":"https:\/\/reaatest.ch\/it\/wp-json\/wp\/v2\/users\/2337"}],"replies":[{"embeddable":true,"href":"https:\/\/reaatest.ch\/it\/wp-json\/wp\/v2\/comments?post=9978"}],"version-history":[{"count":19,"href":"https:\/\/reaatest.ch\/it\/wp-json\/wp\/v2\/pages\/9978\/revisions"}],"predecessor-version":[{"id":11842,"href":"https:\/\/reaatest.ch\/it\/wp-json\/wp\/v2\/pages\/9978\/revisions\/11842"}],"up":[{"embeddable":true,"href":"https:\/\/reaatest.ch\/it\/wp-json\/wp\/v2\/pages\/4289"}],"wp:attachment":[{"href":"https:\/\/reaatest.ch\/it\/wp-json\/wp\/v2\/media?parent=9978"}],"curies":[{"name":"wp","href":"https:\/\/api.w.org\/{rel}","templated":true}]}}